{"id":3251,"date":"2025-10-31T16:05:37","date_gmt":"2025-10-31T15:05:37","guid":{"rendered":"https:\/\/dlkunststofftechnik.de\/?page_id=3251"},"modified":"2026-02-06T16:08:59","modified_gmt":"2026-02-06T15:08:59","slug":"technische-hinweise","status":"publish","type":"page","link":"https:\/\/dlkunststofftechnik.de\/en\/technische-hinweise\/","title":{"rendered":"Technical information"},"content":{"rendered":"<div data-elementor-type=\"wp-page\" data-elementor-id=\"3251\" class=\"elementor elementor-3251\">\n\t\t\t\t\t\t<section class=\"elementor-section elementor-top-section elementor-element elementor-element-24af14d2 elementor-section-height-min-height elementor-section-boxed elementor-section-height-default elementor-section-items-middle\" data-id=\"24af14d2\" data-element_type=\"section\" data-settings=\"{&quot;background_background&quot;:&quot;classic&quot;}\">\n\t\t\t\t\t\t<div class=\"elementor-container elementor-column-gap-default\">\n\t\t\t\t\t<div class=\"elementor-column elementor-col-100 elementor-top-column elementor-element elementor-element-23cb1148\" data-id=\"23cb1148\" data-element_type=\"column\">\n\t\t\t<div class=\"elementor-widget-wrap elementor-element-populated\">\n\t\t\t\t\t\t<div class=\"elementor-element elementor-element-6f4b448f elementor-widget__width-inherit elementor-absolute elementor-widget elementor-widget-text-editor\" data-id=\"6f4b448f\" data-element_type=\"widget\" data-settings=\"{&quot;_position&quot;:&quot;absolute&quot;}\" data-widget_type=\"text-editor.default\">\n\t\t\t\t<div class=\"elementor-widget-container\">\n\t\t\t\t\t\t\t\t\t<p><strong>Technical information<\/strong><\/p>\t\t\t\t\t\t\t\t<\/div>\n\t\t\t\t<\/div>\n\t\t\t\t\t<\/div>\n\t\t<\/div>\n\t\t\t\t\t<\/div>\n\t\t<\/section>\n\t\t\t\t<section class=\"elementor-section elementor-top-section elementor-element elementor-element-0b0b5e1 elementor-section-boxed elementor-section-height-default elementor-section-height-default\" data-id=\"0b0b5e1\" data-element_type=\"section\">\n\t\t\t\t\t\t<div class=\"elementor-container elementor-column-gap-default\">\n\t\t\t\t\t<div class=\"elementor-column elementor-col-100 elementor-top-column elementor-element elementor-element-a573e8c\" data-id=\"a573e8c\" data-element_type=\"column\">\n\t\t\t<div class=\"elementor-widget-wrap elementor-element-populated\">\n\t\t\t\t\t\t<div class=\"elementor-element elementor-element-9d553cd elementor-widget elementor-widget-spacer\" data-id=\"9d553cd\" data-element_type=\"widget\" data-widget_type=\"spacer.default\">\n\t\t\t\t<div class=\"elementor-widget-container\">\n\t\t\t\t\t\t\t<div class=\"elementor-spacer\">\n\t\t\t<div class=\"elementor-spacer-inner\"><\/div>\n\t\t<\/div>\n\t\t\t\t\t\t<\/div>\n\t\t\t\t<\/div>\n\t\t\t\t\t<\/div>\n\t\t<\/div>\n\t\t\t\t\t<\/div>\n\t\t<\/section>\n\t\t\t\t<section class=\"elementor-section elementor-top-section elementor-element elementor-element-9132a75 elementor-section-boxed elementor-section-height-default elementor-section-height-default\" data-id=\"9132a75\" data-element_type=\"section\">\n\t\t\t\t\t\t<div class=\"elementor-container elementor-column-gap-default\">\n\t\t\t\t\t<div class=\"elementor-column elementor-col-100 elementor-top-column elementor-element elementor-element-bbe1f94\" data-id=\"bbe1f94\" data-element_type=\"column\">\n\t\t\t<div class=\"elementor-widget-wrap elementor-element-populated\">\n\t\t\t\t\t\t<div class=\"elementor-element elementor-element-f879f89 elementor-widget elementor-widget-text-editor\" data-id=\"f879f89\" data-element_type=\"widget\" data-widget_type=\"text-editor.default\">\n\t\t\t\t<div class=\"elementor-widget-container\">\n\t\t\t\t\t\t\t\t\t<p>The following instructions must be observed to ensure safe, proper, and fault-free use of the product. DL Kunststofftechnik GmbH accepts no liability for damage, defects, or consequential damage resulting from improper use, incorrect or unprofessional installation, failure to observe this user information, or use outside the intended conditions. The customer's statutory warranty rights remain unaffected by this.<\/p><p><strong>1. General<\/strong><\/p><p>All work must be carried out in compliance with the applicable occupational health and safety, safety, and accident prevention regulations, as well as the recognized rules of technology. All persons involved must wear the necessary personal protective equipment.<br \/>Pipes and tanks for wastewater, sewage, urea, or fuels must be permanently and clearly marked\u2014either visually or in writing\u2014with the words \u201cNot for drinking\u201d to prevent misuse. Since even with correct labeling, confusion cannot be completely ruled out, it is recommended that suitable safety mechanisms (e.g., child-proof valves) be installed at all taps.<\/p><p><strong>2. Composition<\/strong><\/p><p>The product is made of high-density polyethylene (PE-HD), which has properties such as food safety, excellent resistance to diesel, seawater, acids, and alkalis, temperature resistance up to 80\u00b0C (diesel and urea up to 50\u00b0C), odor impermeability, low density (approx. 0.96 g\/cm\u00b3), good UV and aging resistance, corrosion resistance, and excellent electrical insulation properties.<\/p><p><strong>3. Construction<\/strong><\/p><p>Each product must have at least one separate vent at the highest point. This also applies if corresponding openings have not been provided by the manufacturer. Liter figures, volume specifications, or fill quantities specified, calculated, or expected by the customer are for guidance only and do not constitute a guaranteed property. The design, construction, and manufacture of the product are based exclusively on the drawing approved by the customer. DL Kunststofftechnik GmbH is entitled to make design adjustments, in particular to baffle plates. No separate consent from the customer is required for this. Unless expressly agreed otherwise, black weld seams are used on white tanks. Due to the design, threaded areas are always reinforced by approx. 8 mm from the inside. Baffle plates are not attached to the tank cap unless this is expressly and clearly specified in the drawing.<\/p><p><strong>4. Installation<\/strong><\/p><p>Before installation or assembly, it is essential to check the product for damage, leaks, dimensional accuracy, and functionality (e.g., by performing a test fill). Any manufacturing residues must be completely removed before commissioning. Failure to do so may result in blockages, malfunctions, or consequential damage to the product and connected systems.<br \/>No sharp or pointed objects may be used during installation. Ensure that the product is permanently protected against mechanical stress, movement, and torsion when installed. Installation under tension or pressure can lead to material fatigue, cracking, deformation, or sudden failure of the product. Due to temperature-related expansion and contraction of the material, the tank bottom must rest fully and permanently on a stable base, even in multi-stage or sloped designs. <br \/>Straps, perforated tapes, or similar fasteners must not be attached directly to weld seams for fastening purposes. Fastening to weld seams can damage or detach them and cause the product to burst or lose its tightness during operation. All threads must be properly sealed with suitable sealants. Installation in the engine compartment is not permitted. <br \/>Overpressure tests may only be carried out with the prior written approval of DL Kunststofftechnik GmbH. Overpressure tests that have not been approved may lead to excessive stress and cause the product to deform or burst.<br \/>Lifting and transport may only be carried out by lifting the tank from underneath or using the designated lifting points or crane eyes. Improper lifting, especially using improvised lifting points such as straps or loops, can lead to damage, cracking, or complete failure of the product.<\/p><p><strong>5. Warnings<\/strong><\/p><p>The products must always be handled with care. They must be stored frost-free and protected from direct sunlight. No objects may be placed on the products. The products must be protected from fire and must not be exposed to mechanical, thermal, or chemical overload. Ventilation openings must not be used as overflows under any circumstances. Only liquids expressly specified in the offer or on the invoice may be filled into the products. In the case of shower trays, shower bases, wet rooms, or similar applications, a non-slip mat must be placed on the product to minimize the risk of accidents.<\/p><p><strong>6. Instruction for use and operation<\/strong><\/p><p>The products must be handled with care. The products must never be dropped, as this can cause unacceptable damage that impairs their tightness, stability, and safe functioning. If products have been dropped or mechanically damaged, it is essential to carry out a new function and tightness test before further use.<\/p><p>Before each filling and before each operation, check that:<br \/>\u2013 the vent pipe is functional, clear, and unobstructed,<br \/>\u2013 all cleaning openings are properly closed,<br \/>\u2013 All connections are securely and tightly connected with the designated hoses\/pipes.<\/p><p>Ventilation<br \/>The vent line is a safety-related component. It must only be used for venting and must not be closed, kinked, narrowed, or used for any other purpose. A blocked or misused vent line can lead to unacceptable overpressure in the product.<\/p><p>Filling and monitoring<br \/>The filling process must be monitored continuously. During filling, always check for leaks. Overfilling must be avoided at all costs.<\/p><p>The product must not be filled completely. The maximum fill level of 95% must not be exceeded, as otherwise there will not be sufficient expansion space for the liquid to expand. Overfilling can lead to overpressure and failure or bursting of the product.<\/p><p>Operating conditions \u2013 Risk of overpressure<br \/>The products must only be operated without pressure. Any form of overpressure\u2014e.g., due to overfilling, blocked or incorrectly used vent lines, or thermal expansion of the liquid\u2014is not permitted. Deviating from the specifications for pressureless operation can lead to serious damage, leaks, or the product bursting. There is a risk of significant personal injury, environmental damage, and property damage.<\/p><p>Filling with hazardous liquids<br \/>When filling with hazardous or water-polluting liquids, a suitable drip tray must be placed under the product to safely collect any spilled liquids.<\/p><p><strong>7. Maintenance<\/strong><\/p><p>The product must be checked for leaks at least once a year and cleaned if necessary. As part of maintenance, all connecting parts must also be cleaned and checked to ensure that they are securely fastened and in good working order.<\/p><p><strong>8. Information for the disposal<\/strong><\/p><p>High-density polyethylene (HDPE) is a recyclable material. At the end of its useful life, the product can be disposed of properly at appropriate recycling or recovery facilities.<\/p>\t\t\t\t\t\t\t\t<\/div>\n\t\t\t\t<\/div>\n\t\t\t\t\t<\/div>\n\t\t<\/div>\n\t\t\t\t\t<\/div>\n\t\t<\/section>\n\t\t\t\t<section class=\"elementor-section elementor-top-section elementor-element elementor-element-d7a8ac8 elementor-section-boxed elementor-section-height-default elementor-section-height-default\" data-id=\"d7a8ac8\" data-element_type=\"section\">\n\t\t\t\t\t\t<div class=\"elementor-container elementor-column-gap-default\">\n\t\t\t\t\t<div class=\"elementor-column elementor-col-100 elementor-top-column elementor-element elementor-element-d0e02e8\" data-id=\"d0e02e8\" data-element_type=\"column\">\n\t\t\t<div class=\"elementor-widget-wrap elementor-element-populated\">\n\t\t\t\t\t\t<div class=\"elementor-element elementor-element-4351efc elementor-widget elementor-widget-spacer\" data-id=\"4351efc\" data-element_type=\"widget\" data-widget_type=\"spacer.default\">\n\t\t\t\t<div class=\"elementor-widget-container\">\n\t\t\t\t\t\t\t<div class=\"elementor-spacer\">\n\t\t\t<div class=\"elementor-spacer-inner\"><\/div>\n\t\t<\/div>\n\t\t\t\t\t\t<\/div>\n\t\t\t\t<\/div>\n\t\t\t\t\t<\/div>\n\t\t<\/div>\n\t\t\t\t\t<\/div>\n\t\t<\/section>\n\t\t\t\t<section class=\"elementor-section elementor-top-section elementor-element elementor-element-514cacac elementor-section-boxed elementor-section-height-default elementor-section-height-default\" data-id=\"514cacac\" data-element_type=\"section\" data-settings=\"{&quot;background_background&quot;:&quot;classic&quot;}\">\n\t\t\t\t\t\t<div class=\"elementor-container elementor-column-gap-default\">\n\t\t\t\t\t<div class=\"elementor-column elementor-col-100 elementor-top-column elementor-element elementor-element-70363f2b\" data-id=\"70363f2b\" data-element_type=\"column\">\n\t\t\t<div class=\"elementor-widget-wrap elementor-element-populated\">\n\t\t\t\t\t\t<div class=\"elementor-element elementor-element-17a7eb3c elementor-absolute elementor-widget elementor-widget-text-editor\" data-id=\"17a7eb3c\" data-element_type=\"widget\" data-settings=\"{&quot;_position&quot;:&quot;absolute&quot;}\" data-widget_type=\"text-editor.default\">\n\t\t\t\t<div class=\"elementor-widget-container\">\n\t\t\t\t\t\t\t\t\t<p><a href=\"https:\/\/dlkunststofftechnik.de\/en\/agb\/\">General terms and conditions<\/a>\u00a0\u00a0 |\u00a0\u00a0 <a href=\"https:\/\/dlkunststofftechnik.de\/en\/datenschutz\/\">Data protection<\/a> \u00a0 | \u00a0 <a href=\"https:\/\/dlkunststofftechnik.de\/en\/impressum\/\">Imprint<\/a>\u00a0\u00a0 |\u00a0\u00a0 <a href=\"https:\/\/dlkunststofftechnik.de\/en\/kontakt\/\">Contact<\/a><\/p>\t\t\t\t\t\t\t\t<\/div>\n\t\t\t\t<\/div>\n\t\t\t\t\t<\/div>\n\t\t<\/div>\n\t\t\t\t\t<\/div>\n\t\t<\/section>\n\t\t\t\t<section class=\"elementor-section elementor-top-section elementor-element elementor-element-63921ac6 elementor-section-boxed elementor-section-height-default elementor-section-height-default\" data-id=\"63921ac6\" data-element_type=\"section\" data-settings=\"{&quot;background_background&quot;:&quot;classic&quot;}\">\n\t\t\t\t\t\t<div class=\"elementor-container elementor-column-gap-default\">\n\t\t\t\t\t<div class=\"elementor-column elementor-col-100 elementor-top-column elementor-element elementor-element-34f5e4c3\" data-id=\"34f5e4c3\" data-element_type=\"column\">\n\t\t\t<div class=\"elementor-widget-wrap elementor-element-populated\">\n\t\t\t\t\t\t<div class=\"elementor-element elementor-element-25186461 elementor-widget elementor-widget-heading\" data-id=\"25186461\" data-element_type=\"widget\" data-widget_type=\"heading.default\">\n\t\t\t\t<div class=\"elementor-widget-container\">\n\t\t\t\t\t<h2 class=\"elementor-heading-title elementor-size-default\">\u00a9 Copyright 2025 DL Kunststofftechnik GmbH - Alle Rechte vorbehalten<\/h2>\t\t\t\t<\/div>\n\t\t\t\t<\/div>\n\t\t\t\t\t<\/div>\n\t\t<\/div>\n\t\t\t\t\t<\/div>\n\t\t<\/section>\n\t\t\t\t<\/div>","protected":false},"excerpt":{"rendered":"<p>Technische Hinweise Die nachfolgenden Hinweise sind zwingend zu beachten, um eine sichere, bestimmungsgem\u00e4\u00dfe und einwandfreie Nutzung des Produkts zu gew\u00e4hrleisten. F\u00fcr Sch\u00e4den, M\u00e4ngel oder Folgesch\u00e4den, die durch unsachgem\u00e4\u00dfe Verwendung, fehlerhafte oder nicht fachgerechte Montage, Nichtbeachtung dieser Benutzerinformationen oder durch einen Einsatz au\u00dferhalb der vorgesehenen Bedingungen entstehen, \u00fcbernimmt die DL Kunststofftechnik GmbH keine Haftung. Die gesetzlichen [&hellip;]<\/p>","protected":false},"author":1,"featured_media":0,"parent":0,"menu_order":0,"comment_status":"closed","ping_status":"closed","template":"","meta":{"ocean_post_layout":"full-screen","ocean_both_sidebars_style":"","ocean_both_sidebars_content_width":0,"ocean_both_sidebars_sidebars_width":0,"ocean_sidebar":"0","ocean_second_sidebar":"0","ocean_disable_margins":"enable","ocean_add_body_class":"","ocean_shortcode_before_top_bar":"","ocean_shortcode_after_top_bar":"","ocean_shortcode_before_header":"","ocean_shortcode_after_header":"","ocean_has_shortcode":"","ocean_shortcode_after_title":"","ocean_shortcode_before_footer_widgets":"","ocean_shortcode_after_footer_widgets":"","ocean_shortcode_before_footer_bottom":"","ocean_shortcode_after_footer_bottom":"","ocean_display_top_bar":"off","ocean_display_header":"default","ocean_header_style":"","ocean_center_header_left_menu":"0","ocean_custom_header_template":"0","ocean_custom_logo":0,"ocean_custom_retina_logo":0,"ocean_custom_logo_max_width":0,"ocean_custom_logo_tablet_max_width":0,"ocean_custom_logo_mobile_max_width":0,"ocean_custom_logo_max_height":0,"ocean_custom_logo_tablet_max_height":0,"ocean_custom_logo_mobile_max_height":0,"ocean_header_custom_menu":"0","ocean_menu_typo_font_family":"0","ocean_menu_typo_font_subset":"","ocean_menu_typo_font_size":0,"ocean_menu_typo_font_size_tablet":0,"ocean_menu_typo_font_size_mobile":0,"ocean_menu_typo_font_size_unit":"px","ocean_menu_typo_font_weight":"","ocean_menu_typo_font_weight_tablet":"","ocean_menu_typo_font_weight_mobile":"","ocean_menu_typo_transform":"","ocean_menu_typo_transform_tablet":"","ocean_menu_typo_transform_mobile":"","ocean_menu_typo_line_height":0,"ocean_menu_typo_line_height_tablet":0,"ocean_menu_typo_line_height_mobile":0,"ocean_menu_typo_line_height_unit":"","ocean_menu_typo_spacing":0,"ocean_menu_typo_spacing_tablet":0,"ocean_menu_typo_spacing_mobile":0,"ocean_menu_typo_spacing_unit":"","ocean_menu_link_color":"","ocean_menu_link_color_hover":"","ocean_menu_link_color_active":"","ocean_menu_link_background":"","ocean_menu_link_hover_background":"","ocean_menu_link_active_background":"","ocean_menu_social_links_bg":"","ocean_menu_social_hover_links_bg":"","ocean_menu_social_links_color":"","ocean_menu_social_hover_links_color":"","ocean_disable_title":"on","ocean_disable_heading":"default","ocean_post_title":"","ocean_post_subheading":"","ocean_post_title_style":"","ocean_post_title_background_color":"","ocean_post_title_background":0,"ocean_post_title_bg_image_position":"","ocean_post_title_bg_image_attachment":"","ocean_post_title_bg_image_repeat":"","ocean_post_title_bg_image_size":"","ocean_post_title_height":0,"ocean_post_title_bg_overlay":0.5,"ocean_post_title_bg_overlay_color":"","ocean_disable_breadcrumbs":"default","ocean_breadcrumbs_color":"","ocean_breadcrumbs_separator_color":"","ocean_breadcrumbs_links_color":"","ocean_breadcrumbs_links_hover_color":"","ocean_display_footer_widgets":"off","ocean_display_footer_bottom":"off","ocean_custom_footer_template":"0","footnotes":""},"class_list":["post-3251","page","type-page","status-publish","hentry","entry"],"yoast_head":"<!-- This site is optimized with the Yoast SEO plugin v24.1 - https:\/\/yoast.com\/wordpress\/plugins\/seo\/ -->\n<title>Technische Hinweise - DL Kunststofftechnik<\/title>\n<meta name=\"robots\" content=\"noindex, nofollow\" \/>\n<meta property=\"og:locale\" content=\"en_GB\" \/>\n<meta property=\"og:type\" content=\"article\" \/>\n<meta property=\"og:title\" content=\"Technische Hinweise - DL Kunststofftechnik\" \/>\n<meta property=\"og:description\" content=\"Technische Hinweise Die nachfolgenden Hinweise sind zwingend zu beachten, um eine sichere, bestimmungsgem\u00e4\u00dfe und einwandfreie Nutzung des Produkts zu gew\u00e4hrleisten. F\u00fcr Sch\u00e4den, M\u00e4ngel oder Folgesch\u00e4den, die durch unsachgem\u00e4\u00dfe Verwendung, fehlerhafte oder nicht fachgerechte Montage, Nichtbeachtung dieser Benutzerinformationen oder durch einen Einsatz au\u00dferhalb der vorgesehenen Bedingungen entstehen, \u00fcbernimmt die DL Kunststofftechnik GmbH keine Haftung. Die gesetzlichen [&hellip;]\" \/>\n<meta property=\"og:url\" content=\"https:\/\/dlkunststofftechnik.de\/en\/technische-hinweise\/\" \/>\n<meta property=\"og:site_name\" content=\"DL Kunststofftechnik\" \/>\n<meta property=\"article:modified_time\" content=\"2026-02-06T15:08:59+00:00\" \/>\n<meta name=\"twitter:card\" content=\"summary_large_image\" \/>\n<meta name=\"twitter:label1\" content=\"Estimated reading time\" \/>\n\t<meta name=\"twitter:data1\" content=\"6 minutes\" \/>\n<script type=\"application\/ld+json\" class=\"yoast-schema-graph\">{\"@context\":\"https:\/\/schema.org\",\"@graph\":[{\"@type\":\"WebPage\",\"@id\":\"https:\/\/dlkunststofftechnik.de\/technische-hinweise\/\",\"url\":\"https:\/\/dlkunststofftechnik.de\/technische-hinweise\/\",\"name\":\"Technische Hinweise - DL Kunststofftechnik\",\"isPartOf\":{\"@id\":\"https:\/\/dlkunststofftechnik.de\/#website\"},\"datePublished\":\"2025-10-31T15:05:37+00:00\",\"dateModified\":\"2026-02-06T15:08:59+00:00\",\"breadcrumb\":{\"@id\":\"https:\/\/dlkunststofftechnik.de\/technische-hinweise\/#breadcrumb\"},\"inLanguage\":\"en-GB\",\"potentialAction\":[{\"@type\":\"ReadAction\",\"target\":[\"https:\/\/dlkunststofftechnik.de\/technische-hinweise\/\"]}]},{\"@type\":\"BreadcrumbList\",\"@id\":\"https:\/\/dlkunststofftechnik.de\/technische-hinweise\/#breadcrumb\",\"itemListElement\":[{\"@type\":\"ListItem\",\"position\":1,\"name\":\"Startseite\",\"item\":\"https:\/\/dlkunststofftechnik.de\/\"},{\"@type\":\"ListItem\",\"position\":2,\"name\":\"Technische Hinweise\"}]},{\"@type\":\"WebSite\",\"@id\":\"https:\/\/dlkunststofftechnik.de\/#website\",\"url\":\"https:\/\/dlkunststofftechnik.de\/\",\"name\":\"DL Kunststofftechnik\",\"description\":\"Wir formen Ihre Ideen\",\"publisher\":{\"@id\":\"https:\/\/dlkunststofftechnik.de\/#organization\"},\"potentialAction\":[{\"@type\":\"SearchAction\",\"target\":{\"@type\":\"EntryPoint\",\"urlTemplate\":\"https:\/\/dlkunststofftechnik.de\/?s={search_term_string}\"},\"query-input\":{\"@type\":\"PropertyValueSpecification\",\"valueRequired\":true,\"valueName\":\"search_term_string\"}}],\"inLanguage\":\"en-GB\"},{\"@type\":\"Organization\",\"@id\":\"https:\/\/dlkunststofftechnik.de\/#organization\",\"name\":\"DL Kunststofftechnik\",\"url\":\"https:\/\/dlkunststofftechnik.de\/\",\"logo\":{\"@type\":\"ImageObject\",\"inLanguage\":\"en-GB\",\"@id\":\"https:\/\/dlkunststofftechnik.de\/#\/schema\/logo\/image\/\",\"url\":\"https:\/\/dlkunststofftechnik.de\/wp-content\/uploads\/2021\/01\/Logo-Favicon-1.png\",\"contentUrl\":\"https:\/\/dlkunststofftechnik.de\/wp-content\/uploads\/2021\/01\/Logo-Favicon-1.png\",\"width\":481,\"height\":481,\"caption\":\"DL Kunststofftechnik\"},\"image\":{\"@id\":\"https:\/\/dlkunststofftechnik.de\/#\/schema\/logo\/image\/\"}}]}<\/script>\n<!-- \/ Yoast SEO plugin. -->","yoast_head_json":{"title":"Technische Hinweise - DL Kunststofftechnik","robots":{"index":"noindex","follow":"nofollow"},"og_locale":"en_GB","og_type":"article","og_title":"Technische Hinweise - DL Kunststofftechnik","og_description":"Technische Hinweise Die nachfolgenden Hinweise sind zwingend zu beachten, um eine sichere, bestimmungsgem\u00e4\u00dfe und einwandfreie Nutzung des Produkts zu gew\u00e4hrleisten. F\u00fcr Sch\u00e4den, M\u00e4ngel oder Folgesch\u00e4den, die durch unsachgem\u00e4\u00dfe Verwendung, fehlerhafte oder nicht fachgerechte Montage, Nichtbeachtung dieser Benutzerinformationen oder durch einen Einsatz au\u00dferhalb der vorgesehenen Bedingungen entstehen, \u00fcbernimmt die DL Kunststofftechnik GmbH keine Haftung. Die gesetzlichen [&hellip;]","og_url":"https:\/\/dlkunststofftechnik.de\/en\/technische-hinweise\/","og_site_name":"DL Kunststofftechnik","article_modified_time":"2026-02-06T15:08:59+00:00","twitter_card":"summary_large_image","twitter_misc":{"Estimated reading time":"6 minutes"},"schema":{"@context":"https:\/\/schema.org","@graph":[{"@type":"WebPage","@id":"https:\/\/dlkunststofftechnik.de\/technische-hinweise\/","url":"https:\/\/dlkunststofftechnik.de\/technische-hinweise\/","name":"Technische Hinweise - DL Kunststofftechnik","isPartOf":{"@id":"https:\/\/dlkunststofftechnik.de\/#website"},"datePublished":"2025-10-31T15:05:37+00:00","dateModified":"2026-02-06T15:08:59+00:00","breadcrumb":{"@id":"https:\/\/dlkunststofftechnik.de\/technische-hinweise\/#breadcrumb"},"inLanguage":"en-GB","potentialAction":[{"@type":"ReadAction","target":["https:\/\/dlkunststofftechnik.de\/technische-hinweise\/"]}]},{"@type":"BreadcrumbList","@id":"https:\/\/dlkunststofftechnik.de\/technische-hinweise\/#breadcrumb","itemListElement":[{"@type":"ListItem","position":1,"name":"Startseite","item":"https:\/\/dlkunststofftechnik.de\/"},{"@type":"ListItem","position":2,"name":"Technische Hinweise"}]},{"@type":"WebSite","@id":"https:\/\/dlkunststofftechnik.de\/#website","url":"https:\/\/dlkunststofftechnik.de\/","name":"DL Kunststofftechnik","description":"Wir formen Ihre Ideen","publisher":{"@id":"https:\/\/dlkunststofftechnik.de\/#organization"},"potentialAction":[{"@type":"SearchAction","target":{"@type":"EntryPoint","urlTemplate":"https:\/\/dlkunststofftechnik.de\/?s={search_term_string}"},"query-input":{"@type":"PropertyValueSpecification","valueRequired":true,"valueName":"search_term_string"}}],"inLanguage":"en-GB"},{"@type":"Organization","@id":"https:\/\/dlkunststofftechnik.de\/#organization","name":"DL Kunststofftechnik","url":"https:\/\/dlkunststofftechnik.de\/","logo":{"@type":"ImageObject","inLanguage":"en-GB","@id":"https:\/\/dlkunststofftechnik.de\/#\/schema\/logo\/image\/","url":"https:\/\/dlkunststofftechnik.de\/wp-content\/uploads\/2021\/01\/Logo-Favicon-1.png","contentUrl":"https:\/\/dlkunststofftechnik.de\/wp-content\/uploads\/2021\/01\/Logo-Favicon-1.png","width":481,"height":481,"caption":"DL Kunststofftechnik"},"image":{"@id":"https:\/\/dlkunststofftechnik.de\/#\/schema\/logo\/image\/"}}]}},"_links":{"self":[{"href":"https:\/\/dlkunststofftechnik.de\/en\/wp-json\/wp\/v2\/pages\/3251","targetHints":{"allow":["GET"]}}],"collection":[{"href":"https:\/\/dlkunststofftechnik.de\/en\/wp-json\/wp\/v2\/pages"}],"about":[{"href":"https:\/\/dlkunststofftechnik.de\/en\/wp-json\/wp\/v2\/types\/page"}],"author":[{"embeddable":true,"href":"https:\/\/dlkunststofftechnik.de\/en\/wp-json\/wp\/v2\/users\/1"}],"replies":[{"embeddable":true,"href":"https:\/\/dlkunststofftechnik.de\/en\/wp-json\/wp\/v2\/comments?post=3251"}],"version-history":[{"count":10,"href":"https:\/\/dlkunststofftechnik.de\/en\/wp-json\/wp\/v2\/pages\/3251\/revisions"}],"predecessor-version":[{"id":3280,"href":"https:\/\/dlkunststofftechnik.de\/en\/wp-json\/wp\/v2\/pages\/3251\/revisions\/3280"}],"wp:attachment":[{"href":"https:\/\/dlkunststofftechnik.de\/en\/wp-json\/wp\/v2\/media?parent=3251"}],"curies":[{"name":"wp","href":"https:\/\/api.w.org\/{rel}","templated":true}]}}