{"id":61,"date":"2020-12-30T07:42:09","date_gmt":"2020-12-30T06:42:09","guid":{"rendered":"http:\/\/dlkunststofftechnik.de.w01b62f8.kasserver.com\/?page_id=61"},"modified":"2025-10-31T15:51:17","modified_gmt":"2025-10-31T14:51:17","slug":"unternehmen","status":"publish","type":"page","link":"https:\/\/dlkunststofftechnik.de\/en\/unternehmen\/","title":{"rendered":"History"},"content":{"rendered":"<p><strong>History<br \/><\/strong><\/p>\n<p>Back in the year 2004 Dietmar Leyh took the step into self-employment after 25 years of professional experience in industrial tank construction. He is the founder of DL Kunststofftechnik, established in the Ackerstra\u00dfe in Unna, North Rhine Westphalia, Germany. The aim was to produce customized and high quality products for each customer. In the beginning the focus was set on container systems for campers, which was soon expanded to include the boat sector.<\/p>\n<p>Due to the success achieved in the course of time, the capacities of the first production facility had to be increased, which is why a move to a larger production hall took place. The enhancement of the product range by shower trays, storage containers, battery boxes as well as wet cells round out the offer of the individual vehicle extension.<\/p>\n<p>The continuation of the business is secured by the next generation in person of Daniel Leyh. We pursue with great enthusiasm the original target of the company founder to produce individual customized and excellent quality products for each client. The company is based in the <a href=\"https:\/\/dlkunststofftechnik.de\/en\/anfahrt\/\">Werler Stra\u00dfe 26 in 59423 Unna, North Rhine Westphalia, Germany<\/a> and we look forward to a successful future.<\/p>\n<p>\t\t\t\t\t\t\t\t\t\t\t\t\t\t\t<img fetchpriority=\"high\" decoding=\"async\" width=\"1024\" height=\"682\" src=\"https:\/\/dlkunststofftechnik.de\/wp-content\/uploads\/2021\/05\/Tif_Geschichte-1-JPG-1024x682.jpg\" alt=\"\" srcset=\"https:\/\/dlkunststofftechnik.de\/wp-content\/uploads\/2021\/05\/Tif_Geschichte-1-JPG-1024x682.jpg 1024w, https:\/\/dlkunststofftechnik.de\/wp-content\/uploads\/2021\/05\/Tif_Geschichte-1-JPG-300x200.jpg 300w, https:\/\/dlkunststofftechnik.de\/wp-content\/uploads\/2021\/05\/Tif_Geschichte-1-JPG-768x512.jpg 768w, https:\/\/dlkunststofftechnik.de\/wp-content\/uploads\/2021\/05\/Tif_Geschichte-1-JPG-1536x1024.jpg 1536w, https:\/\/dlkunststofftechnik.de\/wp-content\/uploads\/2021\/05\/Tif_Geschichte-1-JPG-2048x1365.jpg 2048w, https:\/\/dlkunststofftechnik.de\/wp-content\/uploads\/2021\/05\/Tif_Geschichte-1-JPG-16x12.jpg 16w\" sizes=\"(max-width: 1024px) 100vw, 1024px\" \/>\t\t\t\t\t\t\t\t\t\t\t\t\t\t\t<\/p>\n<p><a href=\"https:\/\/dlkunststofftechnik.de\/en\/agb\/\">General terms and conditions<\/a>\u00a0\u00a0 |\u00a0\u00a0 <a href=\"https:\/\/dlkunststofftechnik.de\/en\/datenschutz\/\">Data protection<\/a> \u00a0 | \u00a0 <a href=\"https:\/\/dlkunststofftechnik.de\/en\/impressum\/\">Imprint<\/a>\u00a0\u00a0 |\u00a0\u00a0 <a href=\"https:\/\/dlkunststofftechnik.de\/en\/kontakt\/\">Contact<\/a><\/p>\n<h2>\u00a9 Copyright 2025 DL Kunststofftechnik GmbH &#8211; Alle Rechte vorbehalten<\/h2>","protected":false},"excerpt":{"rendered":"<p>Geschichte Im Jahre 2004 entschloss sich Dietmar Leyh, nach 25 Jahren Berufserfahrung im industriellen Beh\u00e4lterbau, den Schritt in die Selbstst\u00e4ndigkeit zu gehen. Er gr\u00fcndete DL Kunststofftechnik in der Ackerstra\u00dfe in Unna, mit dem Ziel f\u00fcr jeden Kunden ma\u00dfgeschneiderte und hochwertige Produkte herzustellen. Dabei stand der Fokus zun\u00e4chst auf Beh\u00e4ltersystemen f\u00fcr Wohnmobile, welche zeitnah durch die [&hellip;]<\/p>","protected":false},"author":1,"featured_media":0,"parent":0,"menu_order":0,"comment_status":"closed","ping_status":"closed","template":"","meta":{"ocean_post_layout":"full-screen","ocean_both_sidebars_style":"","ocean_both_sidebars_content_width":0,"ocean_both_sidebars_sidebars_width":0,"ocean_sidebar":"0","ocean_second_sidebar":"0","ocean_disable_margins":"enable","ocean_add_body_class":"","ocean_shortcode_before_top_bar":"","ocean_shortcode_after_top_bar":"","ocean_shortcode_before_header":"","ocean_shortcode_after_header":"","ocean_has_shortcode":"","ocean_shortcode_after_title":"","ocean_shortcode_before_footer_widgets":"","ocean_shortcode_after_footer_widgets":"","ocean_shortcode_before_footer_bottom":"","ocean_shortcode_after_footer_bottom":"","ocean_display_top_bar":"off","ocean_display_header":"default","ocean_header_style":"","ocean_center_header_left_menu":"0","ocean_custom_header_template":"0","ocean_custom_logo":0,"ocean_custom_retina_logo":0,"ocean_custom_logo_max_width":0,"ocean_custom_logo_tablet_max_width":0,"ocean_custom_logo_mobile_max_width":0,"ocean_custom_logo_max_height":0,"ocean_custom_logo_tablet_max_height":0,"ocean_custom_logo_mobile_max_height":0,"ocean_header_custom_menu":"0","ocean_menu_typo_font_family":"0","ocean_menu_typo_font_subset":"","ocean_menu_typo_font_size":0,"ocean_menu_typo_font_size_tablet":0,"ocean_menu_typo_font_size_mobile":0,"ocean_menu_typo_font_size_unit":"px","ocean_menu_typo_font_weight":"","ocean_menu_typo_font_weight_tablet":"","ocean_menu_typo_font_weight_mobile":"","ocean_menu_typo_transform":"","ocean_menu_typo_transform_tablet":"","ocean_menu_typo_transform_mobile":"","ocean_menu_typo_line_height":0,"ocean_menu_typo_line_height_tablet":0,"ocean_menu_typo_line_height_mobile":0,"ocean_menu_typo_line_height_unit":"","ocean_menu_typo_spacing":0,"ocean_menu_typo_spacing_tablet":0,"ocean_menu_typo_spacing_mobile":0,"ocean_menu_typo_spacing_unit":"","ocean_menu_link_color":"","ocean_menu_link_color_hover":"","ocean_menu_link_color_active":"","ocean_menu_link_background":"","ocean_menu_link_hover_background":"","ocean_menu_link_active_background":"","ocean_menu_social_links_bg":"","ocean_menu_social_hover_links_bg":"","ocean_menu_social_links_color":"","ocean_menu_social_hover_links_color":"","ocean_disable_title":"on","ocean_disable_heading":"default","ocean_post_title":"","ocean_post_subheading":"","ocean_post_title_style":"","ocean_post_title_background_color":"","ocean_post_title_background":0,"ocean_post_title_bg_image_position":"","ocean_post_title_bg_image_attachment":"","ocean_post_title_bg_image_repeat":"","ocean_post_title_bg_image_size":"","ocean_post_title_height":0,"ocean_post_title_bg_overlay":0.5,"ocean_post_title_bg_overlay_color":"","ocean_disable_breadcrumbs":"default","ocean_breadcrumbs_color":"","ocean_breadcrumbs_separator_color":"","ocean_breadcrumbs_links_color":"","ocean_breadcrumbs_links_hover_color":"","ocean_display_footer_widgets":"off","ocean_display_footer_bottom":"off","ocean_custom_footer_template":"0","footnotes":""},"class_list":["post-61","page","type-page","status-publish","hentry","entry"],"yoast_head":"<!-- This site is optimized with the Yoast SEO plugin v24.1 - https:\/\/yoast.com\/wordpress\/plugins\/seo\/ -->\n<title>Individuelle Kunststoffbeh\u00e4lter \u2013 Sonderanfertigung Schiffstanks<\/title>\n<meta name=\"description\" content=\"Ma\u00dfgeschneiderte Beh\u00e4ltersysteme f\u00fcr Boote und Wohnmobile. Individuelle L\u00f6sungen aus Kunststoff f\u00fcr Ihr Fahrzeug.\" \/>\n<meta name=\"robots\" content=\"index, follow, max-snippet:-1, max-image-preview:large, max-video-preview:-1\" \/>\n<link rel=\"canonical\" href=\"https:\/\/dlkunststofftechnik.de\/en\/unternehmen\/\" \/>\n<meta property=\"og:locale\" content=\"en_GB\" \/>\n<meta property=\"og:type\" content=\"article\" \/>\n<meta property=\"og:title\" content=\"Individuelle Kunststoffbeh\u00e4lter \u2013 Sonderanfertigung Schiffstanks\" \/>\n<meta property=\"og:description\" content=\"Ma\u00dfgeschneiderte Beh\u00e4ltersysteme f\u00fcr Boote und Wohnmobile. Individuelle L\u00f6sungen aus Kunststoff f\u00fcr Ihr Fahrzeug.\" \/>\n<meta property=\"og:url\" content=\"https:\/\/dlkunststofftechnik.de\/en\/unternehmen\/\" \/>\n<meta property=\"og:site_name\" content=\"DL Kunststofftechnik\" \/>\n<meta property=\"article:modified_time\" content=\"2025-10-31T14:51:17+00:00\" \/>\n<meta property=\"og:image\" content=\"https:\/\/dlkunststofftechnik.de\/wp-content\/uploads\/2021\/05\/Tif_Geschichte-1-JPG-1024x682.jpg\" \/>\n<meta name=\"twitter:card\" content=\"summary_large_image\" \/>\n<meta name=\"twitter:label1\" content=\"Estimated reading time\" \/>\n\t<meta name=\"twitter:data1\" content=\"2 minutes\" \/>\n<script type=\"application\/ld+json\" class=\"yoast-schema-graph\">{\"@context\":\"https:\/\/schema.org\",\"@graph\":[{\"@type\":\"WebPage\",\"@id\":\"https:\/\/dlkunststofftechnik.de\/unternehmen\/\",\"url\":\"https:\/\/dlkunststofftechnik.de\/unternehmen\/\",\"name\":\"Individuelle Kunststoffbeh\u00e4lter \u2013 Sonderanfertigung Schiffstanks\",\"isPartOf\":{\"@id\":\"https:\/\/dlkunststofftechnik.de\/#website\"},\"primaryImageOfPage\":{\"@id\":\"https:\/\/dlkunststofftechnik.de\/unternehmen\/#primaryimage\"},\"image\":{\"@id\":\"https:\/\/dlkunststofftechnik.de\/unternehmen\/#primaryimage\"},\"thumbnailUrl\":\"https:\/\/dlkunststofftechnik.de\/wp-content\/uploads\/2021\/05\/Tif_Geschichte-1-JPG-1024x682.jpg\",\"datePublished\":\"2020-12-30T06:42:09+00:00\",\"dateModified\":\"2025-10-31T14:51:17+00:00\",\"description\":\"Ma\u00dfgeschneiderte Beh\u00e4ltersysteme f\u00fcr Boote und Wohnmobile. Individuelle L\u00f6sungen aus Kunststoff f\u00fcr Ihr Fahrzeug.\",\"breadcrumb\":{\"@id\":\"https:\/\/dlkunststofftechnik.de\/unternehmen\/#breadcrumb\"},\"inLanguage\":\"en-GB\",\"potentialAction\":[{\"@type\":\"ReadAction\",\"target\":[\"https:\/\/dlkunststofftechnik.de\/unternehmen\/\"]}]},{\"@type\":\"ImageObject\",\"inLanguage\":\"en-GB\",\"@id\":\"https:\/\/dlkunststofftechnik.de\/unternehmen\/#primaryimage\",\"url\":\"https:\/\/dlkunststofftechnik.de\/wp-content\/uploads\/2021\/05\/Tif_Geschichte-1-JPG-1024x682.jpg\",\"contentUrl\":\"https:\/\/dlkunststofftechnik.de\/wp-content\/uploads\/2021\/05\/Tif_Geschichte-1-JPG-1024x682.jpg\"},{\"@type\":\"BreadcrumbList\",\"@id\":\"https:\/\/dlkunststofftechnik.de\/unternehmen\/#breadcrumb\",\"itemListElement\":[{\"@type\":\"ListItem\",\"position\":1,\"name\":\"Startseite\",\"item\":\"https:\/\/dlkunststofftechnik.de\/\"},{\"@type\":\"ListItem\",\"position\":2,\"name\":\"Geschichte\"}]},{\"@type\":\"WebSite\",\"@id\":\"https:\/\/dlkunststofftechnik.de\/#website\",\"url\":\"https:\/\/dlkunststofftechnik.de\/\",\"name\":\"DL Kunststofftechnik\",\"description\":\"Wir formen Ihre Ideen\",\"publisher\":{\"@id\":\"https:\/\/dlkunststofftechnik.de\/#organization\"},\"potentialAction\":[{\"@type\":\"SearchAction\",\"target\":{\"@type\":\"EntryPoint\",\"urlTemplate\":\"https:\/\/dlkunststofftechnik.de\/?s={search_term_string}\"},\"query-input\":{\"@type\":\"PropertyValueSpecification\",\"valueRequired\":true,\"valueName\":\"search_term_string\"}}],\"inLanguage\":\"en-GB\"},{\"@type\":\"Organization\",\"@id\":\"https:\/\/dlkunststofftechnik.de\/#organization\",\"name\":\"DL Kunststofftechnik\",\"url\":\"https:\/\/dlkunststofftechnik.de\/\",\"logo\":{\"@type\":\"ImageObject\",\"inLanguage\":\"en-GB\",\"@id\":\"https:\/\/dlkunststofftechnik.de\/#\/schema\/logo\/image\/\",\"url\":\"https:\/\/dlkunststofftechnik.de\/wp-content\/uploads\/2021\/01\/Logo-Favicon-1.png\",\"contentUrl\":\"https:\/\/dlkunststofftechnik.de\/wp-content\/uploads\/2021\/01\/Logo-Favicon-1.png\",\"width\":481,\"height\":481,\"caption\":\"DL Kunststofftechnik\"},\"image\":{\"@id\":\"https:\/\/dlkunststofftechnik.de\/#\/schema\/logo\/image\/\"}}]}<\/script>\n<!-- \/ Yoast SEO plugin. -->","yoast_head_json":{"title":"Individuelle Kunststoffbeh\u00e4lter \u2013 Sonderanfertigung Schiffstanks","description":"Ma\u00dfgeschneiderte Beh\u00e4ltersysteme f\u00fcr Boote und Wohnmobile. Individuelle L\u00f6sungen aus Kunststoff f\u00fcr Ihr Fahrzeug.","robots":{"index":"index","follow":"follow","max-snippet":"max-snippet:-1","max-image-preview":"max-image-preview:large","max-video-preview":"max-video-preview:-1"},"canonical":"https:\/\/dlkunststofftechnik.de\/en\/unternehmen\/","og_locale":"en_GB","og_type":"article","og_title":"Individuelle Kunststoffbeh\u00e4lter \u2013 Sonderanfertigung Schiffstanks","og_description":"Ma\u00dfgeschneiderte Beh\u00e4ltersysteme f\u00fcr Boote und Wohnmobile. Individuelle L\u00f6sungen aus Kunststoff f\u00fcr Ihr Fahrzeug.","og_url":"https:\/\/dlkunststofftechnik.de\/en\/unternehmen\/","og_site_name":"DL Kunststofftechnik","article_modified_time":"2025-10-31T14:51:17+00:00","og_image":[{"url":"https:\/\/dlkunststofftechnik.de\/wp-content\/uploads\/2021\/05\/Tif_Geschichte-1-JPG-1024x682.jpg","type":"","width":"","height":""}],"twitter_card":"summary_large_image","twitter_misc":{"Estimated reading time":"2 minutes"},"schema":{"@context":"https:\/\/schema.org","@graph":[{"@type":"WebPage","@id":"https:\/\/dlkunststofftechnik.de\/unternehmen\/","url":"https:\/\/dlkunststofftechnik.de\/unternehmen\/","name":"Individuelle Kunststoffbeh\u00e4lter \u2013 Sonderanfertigung Schiffstanks","isPartOf":{"@id":"https:\/\/dlkunststofftechnik.de\/#website"},"primaryImageOfPage":{"@id":"https:\/\/dlkunststofftechnik.de\/unternehmen\/#primaryimage"},"image":{"@id":"https:\/\/dlkunststofftechnik.de\/unternehmen\/#primaryimage"},"thumbnailUrl":"https:\/\/dlkunststofftechnik.de\/wp-content\/uploads\/2021\/05\/Tif_Geschichte-1-JPG-1024x682.jpg","datePublished":"2020-12-30T06:42:09+00:00","dateModified":"2025-10-31T14:51:17+00:00","description":"Ma\u00dfgeschneiderte Beh\u00e4ltersysteme f\u00fcr Boote und Wohnmobile. Individuelle L\u00f6sungen aus Kunststoff f\u00fcr Ihr Fahrzeug.","breadcrumb":{"@id":"https:\/\/dlkunststofftechnik.de\/unternehmen\/#breadcrumb"},"inLanguage":"en-GB","potentialAction":[{"@type":"ReadAction","target":["https:\/\/dlkunststofftechnik.de\/unternehmen\/"]}]},{"@type":"ImageObject","inLanguage":"en-GB","@id":"https:\/\/dlkunststofftechnik.de\/unternehmen\/#primaryimage","url":"https:\/\/dlkunststofftechnik.de\/wp-content\/uploads\/2021\/05\/Tif_Geschichte-1-JPG-1024x682.jpg","contentUrl":"https:\/\/dlkunststofftechnik.de\/wp-content\/uploads\/2021\/05\/Tif_Geschichte-1-JPG-1024x682.jpg"},{"@type":"BreadcrumbList","@id":"https:\/\/dlkunststofftechnik.de\/unternehmen\/#breadcrumb","itemListElement":[{"@type":"ListItem","position":1,"name":"Startseite","item":"https:\/\/dlkunststofftechnik.de\/"},{"@type":"ListItem","position":2,"name":"Geschichte"}]},{"@type":"WebSite","@id":"https:\/\/dlkunststofftechnik.de\/#website","url":"https:\/\/dlkunststofftechnik.de\/","name":"DL Kunststofftechnik","description":"Wir formen Ihre Ideen","publisher":{"@id":"https:\/\/dlkunststofftechnik.de\/#organization"},"potentialAction":[{"@type":"SearchAction","target":{"@type":"EntryPoint","urlTemplate":"https:\/\/dlkunststofftechnik.de\/?s={search_term_string}"},"query-input":{"@type":"PropertyValueSpecification","valueRequired":true,"valueName":"search_term_string"}}],"inLanguage":"en-GB"},{"@type":"Organization","@id":"https:\/\/dlkunststofftechnik.de\/#organization","name":"DL Kunststofftechnik","url":"https:\/\/dlkunststofftechnik.de\/","logo":{"@type":"ImageObject","inLanguage":"en-GB","@id":"https:\/\/dlkunststofftechnik.de\/#\/schema\/logo\/image\/","url":"https:\/\/dlkunststofftechnik.de\/wp-content\/uploads\/2021\/01\/Logo-Favicon-1.png","contentUrl":"https:\/\/dlkunststofftechnik.de\/wp-content\/uploads\/2021\/01\/Logo-Favicon-1.png","width":481,"height":481,"caption":"DL Kunststofftechnik"},"image":{"@id":"https:\/\/dlkunststofftechnik.de\/#\/schema\/logo\/image\/"}}]}},"_links":{"self":[{"href":"https:\/\/dlkunststofftechnik.de\/en\/wp-json\/wp\/v2\/pages\/61","targetHints":{"allow":["GET"]}}],"collection":[{"href":"https:\/\/dlkunststofftechnik.de\/en\/wp-json\/wp\/v2\/pages"}],"about":[{"href":"https:\/\/dlkunststofftechnik.de\/en\/wp-json\/wp\/v2\/types\/page"}],"author":[{"embeddable":true,"href":"https:\/\/dlkunststofftechnik.de\/en\/wp-json\/wp\/v2\/users\/1"}],"replies":[{"embeddable":true,"href":"https:\/\/dlkunststofftechnik.de\/en\/wp-json\/wp\/v2\/comments?post=61"}],"version-history":[{"count":10,"href":"https:\/\/dlkunststofftechnik.de\/en\/wp-json\/wp\/v2\/pages\/61\/revisions"}],"predecessor-version":[{"id":3179,"href":"https:\/\/dlkunststofftechnik.de\/en\/wp-json\/wp\/v2\/pages\/61\/revisions\/3179"}],"wp:attachment":[{"href":"https:\/\/dlkunststofftechnik.de\/en\/wp-json\/wp\/v2\/media?parent=61"}],"curies":[{"name":"wp","href":"https:\/\/api.w.org\/{rel}","templated":true}]}}