{"id":73,"date":"2020-12-30T07:43:42","date_gmt":"2020-12-30T06:43:42","guid":{"rendered":"http:\/\/dlkunststofftechnik.de.w01b62f8.kasserver.com\/?page_id=73"},"modified":"2025-04-01T00:41:25","modified_gmt":"2025-03-31T22:41:25","slug":"werkstoff","status":"publish","type":"page","link":"https:\/\/dlkunststofftechnik.de\/en\/werkstoff\/","title":{"rendered":"Material"},"content":{"rendered":"<div data-elementor-type=\"wp-page\" data-elementor-id=\"73\" class=\"elementor elementor-73\">\n\t\t\t\t\t\t<section class=\"elementor-section elementor-top-section elementor-element elementor-element-72b56a5d elementor-section-height-min-height elementor-section-boxed elementor-section-height-default elementor-section-items-middle\" data-id=\"72b56a5d\" data-element_type=\"section\" data-settings=\"{&quot;background_background&quot;:&quot;classic&quot;}\">\n\t\t\t\t\t\t<div class=\"elementor-container elementor-column-gap-default\">\n\t\t\t\t\t<div class=\"elementor-column elementor-col-100 elementor-top-column elementor-element elementor-element-66ed5eb8\" data-id=\"66ed5eb8\" data-element_type=\"column\">\n\t\t\t<div class=\"elementor-widget-wrap elementor-element-populated\">\n\t\t\t\t\t\t<div class=\"elementor-element elementor-element-45a6ba72 elementor-widget__width-inherit elementor-absolute elementor-widget elementor-widget-text-editor\" data-id=\"45a6ba72\" data-element_type=\"widget\" data-settings=\"{&quot;_position&quot;:&quot;absolute&quot;}\" data-widget_type=\"text-editor.default\">\n\t\t\t\t<div class=\"elementor-widget-container\">\n\t\t\t\t\t\t\t\t\t<p><strong>Material<br \/><\/strong><\/p>\t\t\t\t\t\t\t\t<\/div>\n\t\t\t\t<\/div>\n\t\t\t\t\t<\/div>\n\t\t<\/div>\n\t\t\t\t\t<\/div>\n\t\t<\/section>\n\t\t\t\t<section class=\"elementor-section elementor-top-section elementor-element elementor-element-7aef56a elementor-section-boxed elementor-section-height-default elementor-section-height-default\" data-id=\"7aef56a\" data-element_type=\"section\">\n\t\t\t\t\t\t<div class=\"elementor-container elementor-column-gap-default\">\n\t\t\t\t\t<div class=\"elementor-column elementor-col-100 elementor-top-column elementor-element elementor-element-ce3359e\" data-id=\"ce3359e\" data-element_type=\"column\">\n\t\t\t<div class=\"elementor-widget-wrap elementor-element-populated\">\n\t\t\t\t\t\t<div class=\"elementor-element elementor-element-845653f elementor-widget elementor-widget-spacer\" data-id=\"845653f\" data-element_type=\"widget\" data-widget_type=\"spacer.default\">\n\t\t\t\t<div class=\"elementor-widget-container\">\n\t\t\t\t\t\t\t<div class=\"elementor-spacer\">\n\t\t\t<div class=\"elementor-spacer-inner\"><\/div>\n\t\t<\/div>\n\t\t\t\t\t\t<\/div>\n\t\t\t\t<\/div>\n\t\t\t\t\t<\/div>\n\t\t<\/div>\n\t\t\t\t\t<\/div>\n\t\t<\/section>\n\t\t\t\t<section class=\"elementor-section elementor-top-section elementor-element elementor-element-5614dfd elementor-section-boxed elementor-section-height-default elementor-section-height-default\" data-id=\"5614dfd\" data-element_type=\"section\">\n\t\t\t\t\t\t<div class=\"elementor-container elementor-column-gap-default\">\n\t\t\t\t\t<div class=\"elementor-column elementor-col-100 elementor-top-column elementor-element elementor-element-49ad617\" data-id=\"49ad617\" data-element_type=\"column\">\n\t\t\t<div class=\"elementor-widget-wrap elementor-element-populated\">\n\t\t\t\t\t\t<div class=\"elementor-element elementor-element-7e8127a elementor-widget elementor-widget-text-editor\" data-id=\"7e8127a\" data-element_type=\"widget\" data-widget_type=\"text-editor.default\">\n\t\t\t\t<div class=\"elementor-widget-container\">\n\t\t\t\t\t\t\t\t\t<p>High-density polyethylene (PE-HD)<\/p>\t\t\t\t\t\t\t\t<\/div>\n\t\t\t\t<\/div>\n\t\t\t\t\t<\/div>\n\t\t<\/div>\n\t\t\t\t\t<\/div>\n\t\t<\/section>\n\t\t\t\t<section class=\"elementor-section elementor-top-section elementor-element elementor-element-77601c8 elementor-section-boxed elementor-section-height-default elementor-section-height-default\" data-id=\"77601c8\" data-element_type=\"section\">\n\t\t\t\t\t\t<div class=\"elementor-container elementor-column-gap-default\">\n\t\t\t\t\t<div class=\"elementor-column elementor-col-100 elementor-top-column elementor-element elementor-element-3199fbe\" data-id=\"3199fbe\" data-element_type=\"column\">\n\t\t\t<div class=\"elementor-widget-wrap elementor-element-populated\">\n\t\t\t\t\t\t<section class=\"elementor-section elementor-inner-section elementor-element elementor-element-6f03767 elementor-section-boxed elementor-section-height-default elementor-section-height-default\" data-id=\"6f03767\" data-element_type=\"section\">\n\t\t\t\t\t\t<div class=\"elementor-container elementor-column-gap-default\">\n\t\t\t\t\t<div class=\"elementor-column elementor-col-50 elementor-inner-column elementor-element elementor-element-2bd2107\" data-id=\"2bd2107\" data-element_type=\"column\">\n\t\t\t<div class=\"elementor-widget-wrap elementor-element-populated\">\n\t\t\t\t\t\t<div class=\"elementor-element elementor-element-6ff4b5d elementor-widget elementor-widget-text-editor\" data-id=\"6ff4b5d\" data-element_type=\"widget\" data-widget_type=\"text-editor.default\">\n\t\t\t\t<div class=\"elementor-widget-container\">\n\t\t\t\t\t\t\t\t\t<p>The plastic high-density-<a href=\"https:\/\/en.wikipedia.org\/wiki\/Polyethylene\">polyethylene<\/a> (PE-HD) is a thermoplastic which, among other things, has the property of being reversibly deformable within a certain temperature range. The atomic structure is characterized by a concatenation of CH2 molecules, whereby the semi-crystalline structure enables the material to be welded.\u00a0<\/p><p>The global production volume of 40 million tons achieved in 2017 is the interim result of a decades-long continuous increase that stresses the material growing importance. In addition to container construction, PE-HD is also used for molded parts such as household goods, waste garbage cans and sewage pipes.<\/p>\t\t\t\t\t\t\t\t<\/div>\n\t\t\t\t<\/div>\n\t\t\t\t\t<\/div>\n\t\t<\/div>\n\t\t\t\t<div class=\"elementor-column elementor-col-50 elementor-inner-column elementor-element elementor-element-7ad301c\" data-id=\"7ad301c\" data-element_type=\"column\">\n\t\t\t<div class=\"elementor-widget-wrap elementor-element-populated\">\n\t\t\t\t\t\t<div class=\"elementor-element elementor-element-0c9aef2 elementor-widget elementor-widget-image\" data-id=\"0c9aef2\" data-element_type=\"widget\" data-widget_type=\"image.default\">\n\t\t\t\t<div class=\"elementor-widget-container\">\n\t\t\t\t\t\t\t\t\t\t\t\t\t\t\t<img fetchpriority=\"high\" decoding=\"async\" width=\"1024\" height=\"683\" src=\"https:\/\/dlkunststofftechnik.de\/wp-content\/uploads\/2021\/01\/Tif_Molekularer-Aufbau-Polyethylen-JPG-1024x683.jpg\" class=\"attachment-large size-large wp-image-1587\" alt=\"\" srcset=\"https:\/\/dlkunststofftechnik.de\/wp-content\/uploads\/2021\/01\/Tif_Molekularer-Aufbau-Polyethylen-JPG-1024x683.jpg 1024w, https:\/\/dlkunststofftechnik.de\/wp-content\/uploads\/2021\/01\/Tif_Molekularer-Aufbau-Polyethylen-JPG-300x200.jpg 300w, https:\/\/dlkunststofftechnik.de\/wp-content\/uploads\/2021\/01\/Tif_Molekularer-Aufbau-Polyethylen-JPG-768x512.jpg 768w, https:\/\/dlkunststofftechnik.de\/wp-content\/uploads\/2021\/01\/Tif_Molekularer-Aufbau-Polyethylen-JPG-1536x1024.jpg 1536w, https:\/\/dlkunststofftechnik.de\/wp-content\/uploads\/2021\/01\/Tif_Molekularer-Aufbau-Polyethylen-JPG-2048x1365.jpg 2048w\" sizes=\"(max-width: 1024px) 100vw, 1024px\" \/>\t\t\t\t\t\t\t\t\t\t\t\t\t\t\t<\/div>\n\t\t\t\t<\/div>\n\t\t\t\t\t<\/div>\n\t\t<\/div>\n\t\t\t\t\t<\/div>\n\t\t<\/section>\n\t\t\t\t\t<\/div>\n\t\t<\/div>\n\t\t\t\t\t<\/div>\n\t\t<\/section>\n\t\t\t\t<section class=\"elementor-section elementor-top-section elementor-element elementor-element-1f531a1 elementor-section-boxed elementor-section-height-default elementor-section-height-default\" data-id=\"1f531a1\" data-element_type=\"section\">\n\t\t\t\t\t\t<div class=\"elementor-container elementor-column-gap-default\">\n\t\t\t\t\t<div class=\"elementor-column elementor-col-100 elementor-top-column elementor-element elementor-element-2844e13\" data-id=\"2844e13\" data-element_type=\"column\">\n\t\t\t<div class=\"elementor-widget-wrap elementor-element-populated\">\n\t\t\t\t\t\t<section class=\"elementor-section elementor-inner-section elementor-element elementor-element-1be0a21 elementor-section-boxed elementor-section-height-default elementor-section-height-default\" data-id=\"1be0a21\" data-element_type=\"section\">\n\t\t\t\t\t\t<div class=\"elementor-container elementor-column-gap-default\">\n\t\t\t\t\t<div class=\"elementor-column elementor-col-50 elementor-inner-column elementor-element elementor-element-0f03f79\" data-id=\"0f03f79\" data-element_type=\"column\">\n\t\t\t<div class=\"elementor-widget-wrap elementor-element-populated\">\n\t\t\t\t\t\t<div class=\"elementor-element elementor-element-e2cf3d5 elementor-widget elementor-widget-image\" data-id=\"e2cf3d5\" data-element_type=\"widget\" data-widget_type=\"image.default\">\n\t\t\t\t<div class=\"elementor-widget-container\">\n\t\t\t\t\t\t\t\t\t\t\t\t\t\t\t<img decoding=\"async\" width=\"414\" height=\"276\" src=\"https:\/\/dlkunststofftechnik.de\/wp-content\/uploads\/2021\/01\/Polyethylen-2.jpg\" class=\"attachment-large size-large wp-image-1588\" alt=\"\" srcset=\"https:\/\/dlkunststofftechnik.de\/wp-content\/uploads\/2021\/01\/Polyethylen-2.jpg 414w, https:\/\/dlkunststofftechnik.de\/wp-content\/uploads\/2021\/01\/Polyethylen-2-300x200.jpg 300w\" sizes=\"(max-width: 414px) 100vw, 414px\" \/>\t\t\t\t\t\t\t\t\t\t\t\t\t\t\t<\/div>\n\t\t\t\t<\/div>\n\t\t\t\t\t<\/div>\n\t\t<\/div>\n\t\t\t\t<div class=\"elementor-column elementor-col-50 elementor-inner-column elementor-element elementor-element-be8dcc9\" data-id=\"be8dcc9\" data-element_type=\"column\">\n\t\t\t<div class=\"elementor-widget-wrap elementor-element-populated\">\n\t\t\t\t\t\t<div class=\"elementor-element elementor-element-9b6c743 elementor-widget elementor-widget-text-editor\" data-id=\"9b6c743\" data-element_type=\"widget\" data-widget_type=\"text-editor.default\">\n\t\t\t\t<div class=\"elementor-widget-container\">\n\t\t\t\t\t\t\t\t\t<p><strong>Properties<\/strong><\/p><ul><li>Food-safe (unchanged taste and smell)<\/li><li>Very good resistance to Diesel, seawater, acids and alkalis<\/li><li>Permanent temperature resistance up to 80\u00b0C (Diesel and urea up to 50\u00b0C)<\/li><li>Smell-impermeable<\/li><li>Low density of 0.96 g\/cm\u00b3 (buoyant)<\/li><li>Good UV resistance (black material)<\/li><li>Corrosion and aging resistance<\/li><li>Excellent electrical insulation properties<\/li><li>Recyclable<\/li><li>Technical material, not optical plastic<\/li><\/ul>\t\t\t\t\t\t\t\t<\/div>\n\t\t\t\t<\/div>\n\t\t\t\t\t<\/div>\n\t\t<\/div>\n\t\t\t\t\t<\/div>\n\t\t<\/section>\n\t\t\t\t\t<\/div>\n\t\t<\/div>\n\t\t\t\t\t<\/div>\n\t\t<\/section>\n\t\t\t\t<section class=\"elementor-section elementor-top-section elementor-element elementor-element-5711983b elementor-section-boxed elementor-section-height-default elementor-section-height-default\" data-id=\"5711983b\" data-element_type=\"section\" data-settings=\"{&quot;background_background&quot;:&quot;classic&quot;}\">\n\t\t\t\t\t\t<div class=\"elementor-container elementor-column-gap-default\">\n\t\t\t\t\t<div class=\"elementor-column elementor-col-100 elementor-top-column elementor-element elementor-element-49940048\" data-id=\"49940048\" data-element_type=\"column\">\n\t\t\t<div class=\"elementor-widget-wrap elementor-element-populated\">\n\t\t\t\t\t\t<div class=\"elementor-element elementor-element-2668a0bf elementor-absolute elementor-widget elementor-widget-text-editor\" data-id=\"2668a0bf\" data-element_type=\"widget\" data-settings=\"{&quot;_position&quot;:&quot;absolute&quot;}\" data-widget_type=\"text-editor.default\">\n\t\t\t\t<div class=\"elementor-widget-container\">\n\t\t\t\t\t\t\t\t\t<p><a href=\"https:\/\/dlkunststofftechnik.de\/en\/agb\/\">General terms and conditions<\/a>\u00a0\u00a0 |\u00a0\u00a0 <a href=\"https:\/\/dlkunststofftechnik.de\/en\/datenschutz\/\">Data protection<\/a> \u00a0 | \u00a0 <a href=\"https:\/\/dlkunststofftechnik.de\/en\/impressum\/\">Imprint<\/a>\u00a0\u00a0 |\u00a0\u00a0 <a href=\"https:\/\/dlkunststofftechnik.de\/en\/kontakt\/\">Contact<\/a><\/p>\t\t\t\t\t\t\t\t<\/div>\n\t\t\t\t<\/div>\n\t\t\t\t\t<\/div>\n\t\t<\/div>\n\t\t\t\t\t<\/div>\n\t\t<\/section>\n\t\t\t\t<section class=\"elementor-section elementor-top-section elementor-element elementor-element-4144b5d elementor-section-boxed elementor-section-height-default elementor-section-height-default\" data-id=\"4144b5d\" data-element_type=\"section\" data-settings=\"{&quot;background_background&quot;:&quot;classic&quot;}\">\n\t\t\t\t\t\t<div class=\"elementor-container elementor-column-gap-default\">\n\t\t\t\t\t<div class=\"elementor-column elementor-col-100 elementor-top-column elementor-element elementor-element-2e1c4d89\" data-id=\"2e1c4d89\" data-element_type=\"column\">\n\t\t\t<div class=\"elementor-widget-wrap elementor-element-populated\">\n\t\t\t\t\t\t<div class=\"elementor-element elementor-element-7be16427 elementor-widget elementor-widget-heading\" data-id=\"7be16427\" data-element_type=\"widget\" data-widget_type=\"heading.default\">\n\t\t\t\t<div class=\"elementor-widget-container\">\n\t\t\t\t\t<h2 class=\"elementor-heading-title elementor-size-default\">\u00a9 Copyright 2025 DL Kunststofftechnik GmbH - Alle Rechte vorbehalten<\/h2>\t\t\t\t<\/div>\n\t\t\t\t<\/div>\n\t\t\t\t\t<\/div>\n\t\t<\/div>\n\t\t\t\t\t<\/div>\n\t\t<\/section>\n\t\t\t\t<\/div>","protected":false},"excerpt":{"rendered":"<p>Werkstoff High-density-Polyethylen (PE-HD) Der Kunststoff High-density-Polyethylen (PE-HD) ist ein Thermoplast, der u.a. die Eigenschaft besitzt, sich in einem bestimmten Temperaturbereich reversibel verformen zu lassen. Der atomare Aufbau ist durch eine Verkettung von CH2 Molek\u00fclen gekennzeichnet, wobei die teilkristalline Struktur eine Schwei\u00dfbarkeit des Materials erm\u00f6glicht.\u00a0 Die global erreichte Produktionsmenge von 40 Mio. Tonnen im Jahr 2017 [&hellip;]<\/p>","protected":false},"author":1,"featured_media":0,"parent":0,"menu_order":0,"comment_status":"closed","ping_status":"closed","template":"","meta":{"ocean_post_layout":"full-screen","ocean_both_sidebars_style":"","ocean_both_sidebars_content_width":0,"ocean_both_sidebars_sidebars_width":0,"ocean_sidebar":"0","ocean_second_sidebar":"0","ocean_disable_margins":"enable","ocean_add_body_class":"","ocean_shortcode_before_top_bar":"","ocean_shortcode_after_top_bar":"","ocean_shortcode_before_header":"","ocean_shortcode_after_header":"","ocean_has_shortcode":"","ocean_shortcode_after_title":"","ocean_shortcode_before_footer_widgets":"","ocean_shortcode_after_footer_widgets":"","ocean_shortcode_before_footer_bottom":"","ocean_shortcode_after_footer_bottom":"","ocean_display_top_bar":"off","ocean_display_header":"default","ocean_header_style":"","ocean_center_header_left_menu":"0","ocean_custom_header_template":"0","ocean_custom_logo":0,"ocean_custom_retina_logo":0,"ocean_custom_logo_max_width":0,"ocean_custom_logo_tablet_max_width":0,"ocean_custom_logo_mobile_max_width":0,"ocean_custom_logo_max_height":0,"ocean_custom_logo_tablet_max_height":0,"ocean_custom_logo_mobile_max_height":0,"ocean_header_custom_menu":"0","ocean_menu_typo_font_family":"0","ocean_menu_typo_font_subset":"","ocean_menu_typo_font_size":0,"ocean_menu_typo_font_size_tablet":0,"ocean_menu_typo_font_size_mobile":0,"ocean_menu_typo_font_size_unit":"px","ocean_menu_typo_font_weight":"","ocean_menu_typo_font_weight_tablet":"","ocean_menu_typo_font_weight_mobile":"","ocean_menu_typo_transform":"","ocean_menu_typo_transform_tablet":"","ocean_menu_typo_transform_mobile":"","ocean_menu_typo_line_height":0,"ocean_menu_typo_line_height_tablet":0,"ocean_menu_typo_line_height_mobile":0,"ocean_menu_typo_line_height_unit":"","ocean_menu_typo_spacing":0,"ocean_menu_typo_spacing_tablet":0,"ocean_menu_typo_spacing_mobile":0,"ocean_menu_typo_spacing_unit":"","ocean_menu_link_color":"","ocean_menu_link_color_hover":"","ocean_menu_link_color_active":"","ocean_menu_link_background":"","ocean_menu_link_hover_background":"","ocean_menu_link_active_background":"","ocean_menu_social_links_bg":"","ocean_menu_social_hover_links_bg":"","ocean_menu_social_links_color":"","ocean_menu_social_hover_links_color":"","ocean_disable_title":"on","ocean_disable_heading":"default","ocean_post_title":"","ocean_post_subheading":"","ocean_post_title_style":"","ocean_post_title_background_color":"","ocean_post_title_background":0,"ocean_post_title_bg_image_position":"","ocean_post_title_bg_image_attachment":"","ocean_post_title_bg_image_repeat":"","ocean_post_title_bg_image_size":"","ocean_post_title_height":0,"ocean_post_title_bg_overlay":0.5,"ocean_post_title_bg_overlay_color":"","ocean_disable_breadcrumbs":"default","ocean_breadcrumbs_color":"","ocean_breadcrumbs_separator_color":"","ocean_breadcrumbs_links_color":"","ocean_breadcrumbs_links_hover_color":"","ocean_display_footer_widgets":"off","ocean_display_footer_bottom":"off","ocean_custom_footer_template":"0","footnotes":""},"class_list":["post-73","page","type-page","status-publish","hentry","entry"],"yoast_head":"<!-- This site is optimized with the Yoast SEO plugin v24.1 - https:\/\/yoast.com\/wordpress\/plugins\/seo\/ -->\n<title>Individuelle Tanksysteme \u2013 Kunststofftanks nach Ma\u00df<\/title>\n<meta name=\"description\" content=\"Der molekulare Aufbau sowie die Eigenschaften des verwendeten Kunststoff High-density-Polyethylen werden auf dieser Seite erkl\u00e4rt.\" \/>\n<meta name=\"robots\" content=\"index, follow, max-snippet:-1, max-image-preview:large, max-video-preview:-1\" \/>\n<link rel=\"canonical\" href=\"https:\/\/dlkunststofftechnik.de\/en\/werkstoff\/\" \/>\n<meta property=\"og:locale\" content=\"en_GB\" \/>\n<meta property=\"og:type\" content=\"article\" \/>\n<meta property=\"og:title\" content=\"Individuelle Tanksysteme \u2013 Kunststofftanks nach Ma\u00df\" \/>\n<meta property=\"og:description\" content=\"Der molekulare Aufbau sowie die Eigenschaften des verwendeten Kunststoff High-density-Polyethylen werden auf dieser Seite erkl\u00e4rt.\" \/>\n<meta property=\"og:url\" content=\"https:\/\/dlkunststofftechnik.de\/en\/werkstoff\/\" \/>\n<meta property=\"og:site_name\" content=\"DL Kunststofftechnik\" \/>\n<meta property=\"article:modified_time\" content=\"2025-03-31T22:41:25+00:00\" \/>\n<meta property=\"og:image\" content=\"https:\/\/dlkunststofftechnik.de\/wp-content\/uploads\/2021\/01\/Tif_Molekularer-Aufbau-Polyethylen-JPG.jpg\" \/>\n\t<meta property=\"og:image:width\" content=\"2069\" \/>\n\t<meta property=\"og:image:height\" content=\"1379\" \/>\n\t<meta property=\"og:image:type\" content=\"image\/jpeg\" \/>\n<meta name=\"twitter:card\" content=\"summary_large_image\" \/>\n<meta name=\"twitter:label1\" content=\"Estimated reading time\" \/>\n\t<meta name=\"twitter:data1\" content=\"2 minutes\" \/>\n<script type=\"application\/ld+json\" class=\"yoast-schema-graph\">{\"@context\":\"https:\/\/schema.org\",\"@graph\":[{\"@type\":\"WebPage\",\"@id\":\"https:\/\/dlkunststofftechnik.de\/werkstoff\/\",\"url\":\"https:\/\/dlkunststofftechnik.de\/werkstoff\/\",\"name\":\"Individuelle Tanksysteme \u2013 Kunststofftanks nach Ma\u00df\",\"isPartOf\":{\"@id\":\"https:\/\/dlkunststofftechnik.de\/#website\"},\"primaryImageOfPage\":{\"@id\":\"https:\/\/dlkunststofftechnik.de\/werkstoff\/#primaryimage\"},\"image\":{\"@id\":\"https:\/\/dlkunststofftechnik.de\/werkstoff\/#primaryimage\"},\"thumbnailUrl\":\"https:\/\/dlkunststofftechnik.de\/wp-content\/uploads\/2021\/01\/Tif_Molekularer-Aufbau-Polyethylen-JPG-1024x683.jpg\",\"datePublished\":\"2020-12-30T06:43:42+00:00\",\"dateModified\":\"2025-03-31T22:41:25+00:00\",\"description\":\"Der molekulare Aufbau sowie die Eigenschaften des verwendeten Kunststoff High-density-Polyethylen werden auf dieser Seite erkl\u00e4rt.\",\"breadcrumb\":{\"@id\":\"https:\/\/dlkunststofftechnik.de\/werkstoff\/#breadcrumb\"},\"inLanguage\":\"en-GB\",\"potentialAction\":[{\"@type\":\"ReadAction\",\"target\":[\"https:\/\/dlkunststofftechnik.de\/werkstoff\/\"]}]},{\"@type\":\"ImageObject\",\"inLanguage\":\"en-GB\",\"@id\":\"https:\/\/dlkunststofftechnik.de\/werkstoff\/#primaryimage\",\"url\":\"https:\/\/dlkunststofftechnik.de\/wp-content\/uploads\/2021\/01\/Tif_Molekularer-Aufbau-Polyethylen-JPG-1024x683.jpg\",\"contentUrl\":\"https:\/\/dlkunststofftechnik.de\/wp-content\/uploads\/2021\/01\/Tif_Molekularer-Aufbau-Polyethylen-JPG-1024x683.jpg\"},{\"@type\":\"BreadcrumbList\",\"@id\":\"https:\/\/dlkunststofftechnik.de\/werkstoff\/#breadcrumb\",\"itemListElement\":[{\"@type\":\"ListItem\",\"position\":1,\"name\":\"Startseite\",\"item\":\"https:\/\/dlkunststofftechnik.de\/\"},{\"@type\":\"ListItem\",\"position\":2,\"name\":\"Werkstoff\"}]},{\"@type\":\"WebSite\",\"@id\":\"https:\/\/dlkunststofftechnik.de\/#website\",\"url\":\"https:\/\/dlkunststofftechnik.de\/\",\"name\":\"DL Kunststofftechnik\",\"description\":\"Wir formen Ihre Ideen\",\"publisher\":{\"@id\":\"https:\/\/dlkunststofftechnik.de\/#organization\"},\"potentialAction\":[{\"@type\":\"SearchAction\",\"target\":{\"@type\":\"EntryPoint\",\"urlTemplate\":\"https:\/\/dlkunststofftechnik.de\/?s={search_term_string}\"},\"query-input\":{\"@type\":\"PropertyValueSpecification\",\"valueRequired\":true,\"valueName\":\"search_term_string\"}}],\"inLanguage\":\"en-GB\"},{\"@type\":\"Organization\",\"@id\":\"https:\/\/dlkunststofftechnik.de\/#organization\",\"name\":\"DL Kunststofftechnik\",\"url\":\"https:\/\/dlkunststofftechnik.de\/\",\"logo\":{\"@type\":\"ImageObject\",\"inLanguage\":\"en-GB\",\"@id\":\"https:\/\/dlkunststofftechnik.de\/#\/schema\/logo\/image\/\",\"url\":\"https:\/\/dlkunststofftechnik.de\/wp-content\/uploads\/2021\/01\/Logo-Favicon-1.png\",\"contentUrl\":\"https:\/\/dlkunststofftechnik.de\/wp-content\/uploads\/2021\/01\/Logo-Favicon-1.png\",\"width\":481,\"height\":481,\"caption\":\"DL Kunststofftechnik\"},\"image\":{\"@id\":\"https:\/\/dlkunststofftechnik.de\/#\/schema\/logo\/image\/\"}}]}<\/script>\n<!-- \/ Yoast SEO plugin. -->","yoast_head_json":{"title":"Individuelle Tanksysteme \u2013 Kunststofftanks nach Ma\u00df","description":"Der molekulare Aufbau sowie die Eigenschaften des verwendeten Kunststoff High-density-Polyethylen werden auf dieser Seite erkl\u00e4rt.","robots":{"index":"index","follow":"follow","max-snippet":"max-snippet:-1","max-image-preview":"max-image-preview:large","max-video-preview":"max-video-preview:-1"},"canonical":"https:\/\/dlkunststofftechnik.de\/en\/werkstoff\/","og_locale":"en_GB","og_type":"article","og_title":"Individuelle Tanksysteme \u2013 Kunststofftanks nach Ma\u00df","og_description":"Der molekulare Aufbau sowie die Eigenschaften des verwendeten Kunststoff High-density-Polyethylen werden auf dieser Seite erkl\u00e4rt.","og_url":"https:\/\/dlkunststofftechnik.de\/en\/werkstoff\/","og_site_name":"DL Kunststofftechnik","article_modified_time":"2025-03-31T22:41:25+00:00","og_image":[{"width":2069,"height":1379,"url":"https:\/\/dlkunststofftechnik.de\/wp-content\/uploads\/2021\/01\/Tif_Molekularer-Aufbau-Polyethylen-JPG.jpg","type":"image\/jpeg"}],"twitter_card":"summary_large_image","twitter_misc":{"Estimated reading time":"2 minutes"},"schema":{"@context":"https:\/\/schema.org","@graph":[{"@type":"WebPage","@id":"https:\/\/dlkunststofftechnik.de\/werkstoff\/","url":"https:\/\/dlkunststofftechnik.de\/werkstoff\/","name":"Individuelle Tanksysteme \u2013 Kunststofftanks nach Ma\u00df","isPartOf":{"@id":"https:\/\/dlkunststofftechnik.de\/#website"},"primaryImageOfPage":{"@id":"https:\/\/dlkunststofftechnik.de\/werkstoff\/#primaryimage"},"image":{"@id":"https:\/\/dlkunststofftechnik.de\/werkstoff\/#primaryimage"},"thumbnailUrl":"https:\/\/dlkunststofftechnik.de\/wp-content\/uploads\/2021\/01\/Tif_Molekularer-Aufbau-Polyethylen-JPG-1024x683.jpg","datePublished":"2020-12-30T06:43:42+00:00","dateModified":"2025-03-31T22:41:25+00:00","description":"Der molekulare Aufbau sowie die Eigenschaften des verwendeten Kunststoff High-density-Polyethylen werden auf dieser Seite erkl\u00e4rt.","breadcrumb":{"@id":"https:\/\/dlkunststofftechnik.de\/werkstoff\/#breadcrumb"},"inLanguage":"en-GB","potentialAction":[{"@type":"ReadAction","target":["https:\/\/dlkunststofftechnik.de\/werkstoff\/"]}]},{"@type":"ImageObject","inLanguage":"en-GB","@id":"https:\/\/dlkunststofftechnik.de\/werkstoff\/#primaryimage","url":"https:\/\/dlkunststofftechnik.de\/wp-content\/uploads\/2021\/01\/Tif_Molekularer-Aufbau-Polyethylen-JPG-1024x683.jpg","contentUrl":"https:\/\/dlkunststofftechnik.de\/wp-content\/uploads\/2021\/01\/Tif_Molekularer-Aufbau-Polyethylen-JPG-1024x683.jpg"},{"@type":"BreadcrumbList","@id":"https:\/\/dlkunststofftechnik.de\/werkstoff\/#breadcrumb","itemListElement":[{"@type":"ListItem","position":1,"name":"Startseite","item":"https:\/\/dlkunststofftechnik.de\/"},{"@type":"ListItem","position":2,"name":"Werkstoff"}]},{"@type":"WebSite","@id":"https:\/\/dlkunststofftechnik.de\/#website","url":"https:\/\/dlkunststofftechnik.de\/","name":"DL Kunststofftechnik","description":"Wir formen Ihre Ideen","publisher":{"@id":"https:\/\/dlkunststofftechnik.de\/#organization"},"potentialAction":[{"@type":"SearchAction","target":{"@type":"EntryPoint","urlTemplate":"https:\/\/dlkunststofftechnik.de\/?s={search_term_string}"},"query-input":{"@type":"PropertyValueSpecification","valueRequired":true,"valueName":"search_term_string"}}],"inLanguage":"en-GB"},{"@type":"Organization","@id":"https:\/\/dlkunststofftechnik.de\/#organization","name":"DL Kunststofftechnik","url":"https:\/\/dlkunststofftechnik.de\/","logo":{"@type":"ImageObject","inLanguage":"en-GB","@id":"https:\/\/dlkunststofftechnik.de\/#\/schema\/logo\/image\/","url":"https:\/\/dlkunststofftechnik.de\/wp-content\/uploads\/2021\/01\/Logo-Favicon-1.png","contentUrl":"https:\/\/dlkunststofftechnik.de\/wp-content\/uploads\/2021\/01\/Logo-Favicon-1.png","width":481,"height":481,"caption":"DL Kunststofftechnik"},"image":{"@id":"https:\/\/dlkunststofftechnik.de\/#\/schema\/logo\/image\/"}}]}},"_links":{"self":[{"href":"https:\/\/dlkunststofftechnik.de\/en\/wp-json\/wp\/v2\/pages\/73","targetHints":{"allow":["GET"]}}],"collection":[{"href":"https:\/\/dlkunststofftechnik.de\/en\/wp-json\/wp\/v2\/pages"}],"about":[{"href":"https:\/\/dlkunststofftechnik.de\/en\/wp-json\/wp\/v2\/types\/page"}],"author":[{"embeddable":true,"href":"https:\/\/dlkunststofftechnik.de\/en\/wp-json\/wp\/v2\/users\/1"}],"replies":[{"embeddable":true,"href":"https:\/\/dlkunststofftechnik.de\/en\/wp-json\/wp\/v2\/comments?post=73"}],"version-history":[{"count":10,"href":"https:\/\/dlkunststofftechnik.de\/en\/wp-json\/wp\/v2\/pages\/73\/revisions"}],"predecessor-version":[{"id":3212,"href":"https:\/\/dlkunststofftechnik.de\/en\/wp-json\/wp\/v2\/pages\/73\/revisions\/3212"}],"wp:attachment":[{"href":"https:\/\/dlkunststofftechnik.de\/en\/wp-json\/wp\/v2\/media?parent=73"}],"curies":[{"name":"wp","href":"https:\/\/api.w.org\/{rel}","templated":true}]}}