{"id":75,"date":"2020-12-30T07:43:54","date_gmt":"2020-12-30T06:43:54","guid":{"rendered":"http:\/\/dlkunststofftechnik.de.w01b62f8.kasserver.com\/?page_id=75"},"modified":"2025-04-01T00:36:38","modified_gmt":"2025-03-31T22:36:38","slug":"grundlagen-tankbau","status":"publish","type":"page","link":"https:\/\/dlkunststofftechnik.de\/en\/grundlagen-tankbau\/","title":{"rendered":"Basics tank construction"},"content":{"rendered":"<div data-elementor-type=\"wp-page\" data-elementor-id=\"75\" class=\"elementor elementor-75\">\n\t\t\t\t\t\t<section class=\"elementor-section elementor-top-section elementor-element elementor-element-726bcb7c elementor-section-height-min-height elementor-section-boxed elementor-section-height-default elementor-section-items-middle\" data-id=\"726bcb7c\" data-element_type=\"section\" data-settings=\"{&quot;background_background&quot;:&quot;classic&quot;}\">\n\t\t\t\t\t\t<div class=\"elementor-container elementor-column-gap-default\">\n\t\t\t\t\t<div class=\"elementor-column elementor-col-100 elementor-top-column elementor-element elementor-element-4a472323\" data-id=\"4a472323\" data-element_type=\"column\">\n\t\t\t<div class=\"elementor-widget-wrap elementor-element-populated\">\n\t\t\t\t\t\t<div class=\"elementor-element elementor-element-36f336bc elementor-widget__width-inherit elementor-absolute elementor-widget elementor-widget-text-editor\" data-id=\"36f336bc\" data-element_type=\"widget\" data-settings=\"{&quot;_position&quot;:&quot;absolute&quot;}\" data-widget_type=\"text-editor.default\">\n\t\t\t\t<div class=\"elementor-widget-container\">\n\t\t\t\t\t\t\t\t\t<p><strong>Basics tank construction<br \/><\/strong><\/p>\t\t\t\t\t\t\t\t<\/div>\n\t\t\t\t<\/div>\n\t\t\t\t\t<\/div>\n\t\t<\/div>\n\t\t\t\t\t<\/div>\n\t\t<\/section>\n\t\t\t\t<section class=\"elementor-section elementor-top-section elementor-element elementor-element-c90dba6 elementor-section-boxed elementor-section-height-default elementor-section-height-default\" data-id=\"c90dba6\" data-element_type=\"section\">\n\t\t\t\t\t\t<div class=\"elementor-container elementor-column-gap-default\">\n\t\t\t\t\t<div class=\"elementor-column elementor-col-100 elementor-top-column elementor-element elementor-element-b541985\" data-id=\"b541985\" data-element_type=\"column\">\n\t\t\t<div class=\"elementor-widget-wrap elementor-element-populated\">\n\t\t\t\t\t\t<section class=\"elementor-section elementor-inner-section elementor-element elementor-element-0f96b3c elementor-section-boxed elementor-section-height-default elementor-section-height-default\" data-id=\"0f96b3c\" data-element_type=\"section\">\n\t\t\t\t\t\t<div class=\"elementor-container elementor-column-gap-default\">\n\t\t\t\t\t<div class=\"elementor-column elementor-col-50 elementor-inner-column elementor-element elementor-element-b07bb41\" data-id=\"b07bb41\" data-element_type=\"column\">\n\t\t\t<div class=\"elementor-widget-wrap elementor-element-populated\">\n\t\t\t\t\t\t<div class=\"elementor-element elementor-element-7f91c07 elementor-widget elementor-widget-text-editor\" data-id=\"7f91c07\" data-element_type=\"widget\" data-widget_type=\"text-editor.default\">\n\t\t\t\t<div class=\"elementor-widget-container\">\n\t\t\t\t\t\t\t\t\t<p><strong>Please ensure the following for the designing of your tank:<\/strong><\/p><ul><li style=\"list-style-type: none;\"><ul><li>All dimensions based on the shape (length, width, height etc.) and tubes are to be specified as external dimensions, diameters for hoses and drill-holes are required as internal dimensions and threads (external and internal) are to be specified in inches<\/li><li>If the tank is to contain a liquid medium, a vent must be provided in addition to an inlet and outlet in order to avoid overpressure or underpressure during filling and emptying<\/li><li>The vent should be placed at the highest point of the tank<\/li><li>A tank can stay without any outlet as long as a pump incl. suction nozzle is integrated<\/li><li>If manual cleaning on the inside is required, at least one cleaning opening must be installed<\/li><li>The drain should be placed at the lowest point of the plastic container, if possible, to ensure residue-free emptying<\/li><li>The cleaning openings protrude approx. 8 mm from the container, can also be welded in from the inside on request at no extra cost and do not stand out as a result<\/li><\/ul><\/li><\/ul>\t\t\t\t\t\t\t\t<\/div>\n\t\t\t\t<\/div>\n\t\t\t\t\t<\/div>\n\t\t<\/div>\n\t\t\t\t<div class=\"elementor-column elementor-col-50 elementor-inner-column elementor-element elementor-element-60739ed\" data-id=\"60739ed\" data-element_type=\"column\">\n\t\t\t<div class=\"elementor-widget-wrap elementor-element-populated\">\n\t\t\t\t\t\t<div class=\"elementor-element elementor-element-8754591 elementor-widget elementor-widget-image\" data-id=\"8754591\" data-element_type=\"widget\" data-widget_type=\"image.default\">\n\t\t\t\t<div class=\"elementor-widget-container\">\n\t\t\t\t\t\t\t\t\t\t\t\t\t\t\t<img fetchpriority=\"high\" decoding=\"async\" width=\"567\" height=\"851\" src=\"https:\/\/dlkunststofftechnik.de\/wp-content\/uploads\/2022\/02\/Grundlagen-Tankbau-2-Englisch.jpg\" class=\"attachment-large size-large wp-image-2820\" alt=\"\" srcset=\"https:\/\/dlkunststofftechnik.de\/wp-content\/uploads\/2022\/02\/Grundlagen-Tankbau-2-Englisch.jpg 588w, https:\/\/dlkunststofftechnik.de\/wp-content\/uploads\/2022\/02\/Grundlagen-Tankbau-2-Englisch-200x300.jpg 200w, https:\/\/dlkunststofftechnik.de\/wp-content\/uploads\/2022\/02\/Grundlagen-Tankbau-2-Englisch-8x12.jpg 8w\" sizes=\"(max-width: 567px) 100vw, 567px\" \/>\t\t\t\t\t\t\t\t\t\t\t\t\t\t\t<\/div>\n\t\t\t\t<\/div>\n\t\t\t\t\t<\/div>\n\t\t<\/div>\n\t\t\t\t\t<\/div>\n\t\t<\/section>\n\t\t\t\t\t<\/div>\n\t\t<\/div>\n\t\t\t\t\t<\/div>\n\t\t<\/section>\n\t\t\t\t<section class=\"elementor-section elementor-top-section elementor-element elementor-element-9789362 elementor-section-boxed elementor-section-height-default elementor-section-height-default\" data-id=\"9789362\" data-element_type=\"section\">\n\t\t\t\t\t\t<div class=\"elementor-container elementor-column-gap-default\">\n\t\t\t\t\t<div class=\"elementor-column elementor-col-100 elementor-top-column elementor-element elementor-element-5904193\" data-id=\"5904193\" data-element_type=\"column\">\n\t\t\t<div class=\"elementor-widget-wrap elementor-element-populated\">\n\t\t\t\t\t\t<div class=\"elementor-element elementor-element-da8f558 elementor-widget elementor-widget-text-editor\" data-id=\"da8f558\" data-element_type=\"widget\" data-widget_type=\"text-editor.default\">\n\t\t\t\t<div class=\"elementor-widget-container\">\n\t\t\t\t\t\t\t\t\t<p>Please find below an example of a tank to contain a liquid medium:<\/p>\t\t\t\t\t\t\t\t<\/div>\n\t\t\t\t<\/div>\n\t\t\t\t<div class=\"elementor-element elementor-element-771e320 elementor-widget elementor-widget-image\" data-id=\"771e320\" data-element_type=\"widget\" data-widget_type=\"image.default\">\n\t\t\t\t<div class=\"elementor-widget-container\">\n\t\t\t\t\t\t\t\t\t\t\t\t\t\t\t<img decoding=\"async\" width=\"768\" height=\"512\" src=\"https:\/\/dlkunststofftechnik.de\/wp-content\/uploads\/2022\/02\/Grundlagen-Tankbau-1-Englisch.jpg\" class=\"attachment-medium_large size-medium_large wp-image-2818\" alt=\"\" srcset=\"https:\/\/dlkunststofftechnik.de\/wp-content\/uploads\/2022\/02\/Grundlagen-Tankbau-1-Englisch.jpg 1164w, https:\/\/dlkunststofftechnik.de\/wp-content\/uploads\/2022\/02\/Grundlagen-Tankbau-1-Englisch-300x200.jpg 300w, https:\/\/dlkunststofftechnik.de\/wp-content\/uploads\/2022\/02\/Grundlagen-Tankbau-1-Englisch-1024x683.jpg 1024w, https:\/\/dlkunststofftechnik.de\/wp-content\/uploads\/2022\/02\/Grundlagen-Tankbau-1-Englisch-768x512.jpg 768w, https:\/\/dlkunststofftechnik.de\/wp-content\/uploads\/2022\/02\/Grundlagen-Tankbau-1-Englisch-18x12.jpg 18w\" sizes=\"(max-width: 768px) 100vw, 768px\" \/>\t\t\t\t\t\t\t\t\t\t\t\t\t\t\t<\/div>\n\t\t\t\t<\/div>\n\t\t\t\t\t<\/div>\n\t\t<\/div>\n\t\t\t\t\t<\/div>\n\t\t<\/section>\n\t\t\t\t<section class=\"elementor-section elementor-top-section elementor-element elementor-element-9ccfd2e elementor-section-boxed elementor-section-height-default elementor-section-height-default\" data-id=\"9ccfd2e\" data-element_type=\"section\">\n\t\t\t\t\t\t<div class=\"elementor-container elementor-column-gap-default\">\n\t\t\t\t\t<div class=\"elementor-column elementor-col-100 elementor-top-column elementor-element elementor-element-5754d5e\" data-id=\"5754d5e\" data-element_type=\"column\">\n\t\t\t<div class=\"elementor-widget-wrap elementor-element-populated\">\n\t\t\t\t\t\t<div class=\"elementor-element elementor-element-d9597be elementor-widget elementor-widget-spacer\" data-id=\"d9597be\" data-element_type=\"widget\" data-widget_type=\"spacer.default\">\n\t\t\t\t<div class=\"elementor-widget-container\">\n\t\t\t\t\t\t\t<div class=\"elementor-spacer\">\n\t\t\t<div class=\"elementor-spacer-inner\"><\/div>\n\t\t<\/div>\n\t\t\t\t\t\t<\/div>\n\t\t\t\t<\/div>\n\t\t\t\t\t<\/div>\n\t\t<\/div>\n\t\t\t\t\t<\/div>\n\t\t<\/section>\n\t\t\t\t<section class=\"elementor-section elementor-top-section elementor-element elementor-element-288c9a12 elementor-section-boxed elementor-section-height-default elementor-section-height-default\" data-id=\"288c9a12\" data-element_type=\"section\" data-settings=\"{&quot;background_background&quot;:&quot;classic&quot;}\">\n\t\t\t\t\t\t<div class=\"elementor-container elementor-column-gap-default\">\n\t\t\t\t\t<div class=\"elementor-column elementor-col-100 elementor-top-column elementor-element elementor-element-1c73701b\" data-id=\"1c73701b\" data-element_type=\"column\">\n\t\t\t<div class=\"elementor-widget-wrap elementor-element-populated\">\n\t\t\t\t\t\t<div class=\"elementor-element elementor-element-64c10b89 elementor-absolute elementor-widget elementor-widget-text-editor\" data-id=\"64c10b89\" data-element_type=\"widget\" data-settings=\"{&quot;_position&quot;:&quot;absolute&quot;}\" data-widget_type=\"text-editor.default\">\n\t\t\t\t<div class=\"elementor-widget-container\">\n\t\t\t\t\t\t\t\t\t<p><a href=\"https:\/\/dlkunststofftechnik.de\/en\/agb\/\">General terms and conditions<\/a>\u00a0\u00a0 |\u00a0\u00a0 <a href=\"https:\/\/dlkunststofftechnik.de\/en\/datenschutz\/\">Data protection<\/a> \u00a0 | \u00a0 <a href=\"https:\/\/dlkunststofftechnik.de\/en\/impressum\/\">Imprint<\/a>\u00a0\u00a0 |\u00a0\u00a0 <a href=\"https:\/\/dlkunststofftechnik.de\/en\/kontakt\/\">Contact<\/a><\/p>\t\t\t\t\t\t\t\t<\/div>\n\t\t\t\t<\/div>\n\t\t\t\t\t<\/div>\n\t\t<\/div>\n\t\t\t\t\t<\/div>\n\t\t<\/section>\n\t\t\t\t<section class=\"elementor-section elementor-top-section elementor-element elementor-element-40827b7b elementor-section-boxed elementor-section-height-default elementor-section-height-default\" data-id=\"40827b7b\" data-element_type=\"section\" data-settings=\"{&quot;background_background&quot;:&quot;classic&quot;}\">\n\t\t\t\t\t\t<div class=\"elementor-container elementor-column-gap-default\">\n\t\t\t\t\t<div class=\"elementor-column elementor-col-100 elementor-top-column elementor-element elementor-element-6e43b641\" data-id=\"6e43b641\" data-element_type=\"column\">\n\t\t\t<div class=\"elementor-widget-wrap elementor-element-populated\">\n\t\t\t\t\t\t<div class=\"elementor-element elementor-element-5cfb2d75 elementor-widget elementor-widget-heading\" data-id=\"5cfb2d75\" data-element_type=\"widget\" data-widget_type=\"heading.default\">\n\t\t\t\t<div class=\"elementor-widget-container\">\n\t\t\t\t\t<h2 class=\"elementor-heading-title elementor-size-default\">\u00a9 Copyright 2025 DL Kunststofftechnik GmbH - Alle Rechte vorbehalten<\/h2>\t\t\t\t<\/div>\n\t\t\t\t<\/div>\n\t\t\t\t\t<\/div>\n\t\t<\/div>\n\t\t\t\t\t<\/div>\n\t\t<\/section>\n\t\t\t\t<\/div>","protected":false},"excerpt":{"rendered":"<p>Grundlagen Tankbau Folgend finden Sie einige Punkte, die Sie bei der Konstruktion Ihres Tanks beachten sollten: Alle Ma\u00dfe bzgl. der Form (L\u00e4nge, Breite, H\u00f6he etc.) sowie Rohre sollten als Aussenma\u00dfe angegeben werden, Durchmesser f\u00fcr Schl\u00e4uche und Bohrungen werden als Innenma\u00dfe ben\u00f6tigt und Gewinde (Aussen- und Innengewinde) sollten in Zoll gekennzeichnet werden Wenn der Beh\u00e4lter ein [&hellip;]<\/p>","protected":false},"author":1,"featured_media":0,"parent":0,"menu_order":0,"comment_status":"closed","ping_status":"closed","template":"","meta":{"ocean_post_layout":"full-screen","ocean_both_sidebars_style":"","ocean_both_sidebars_content_width":0,"ocean_both_sidebars_sidebars_width":0,"ocean_sidebar":"0","ocean_second_sidebar":"0","ocean_disable_margins":"enable","ocean_add_body_class":"","ocean_shortcode_before_top_bar":"","ocean_shortcode_after_top_bar":"","ocean_shortcode_before_header":"","ocean_shortcode_after_header":"","ocean_has_shortcode":"","ocean_shortcode_after_title":"","ocean_shortcode_before_footer_widgets":"","ocean_shortcode_after_footer_widgets":"","ocean_shortcode_before_footer_bottom":"","ocean_shortcode_after_footer_bottom":"","ocean_display_top_bar":"off","ocean_display_header":"default","ocean_header_style":"","ocean_center_header_left_menu":"0","ocean_custom_header_template":"0","ocean_custom_logo":0,"ocean_custom_retina_logo":0,"ocean_custom_logo_max_width":0,"ocean_custom_logo_tablet_max_width":0,"ocean_custom_logo_mobile_max_width":0,"ocean_custom_logo_max_height":0,"ocean_custom_logo_tablet_max_height":0,"ocean_custom_logo_mobile_max_height":0,"ocean_header_custom_menu":"0","ocean_menu_typo_font_family":"0","ocean_menu_typo_font_subset":"","ocean_menu_typo_font_size":0,"ocean_menu_typo_font_size_tablet":0,"ocean_menu_typo_font_size_mobile":0,"ocean_menu_typo_font_size_unit":"px","ocean_menu_typo_font_weight":"","ocean_menu_typo_font_weight_tablet":"","ocean_menu_typo_font_weight_mobile":"","ocean_menu_typo_transform":"","ocean_menu_typo_transform_tablet":"","ocean_menu_typo_transform_mobile":"","ocean_menu_typo_line_height":0,"ocean_menu_typo_line_height_tablet":0,"ocean_menu_typo_line_height_mobile":0,"ocean_menu_typo_line_height_unit":"","ocean_menu_typo_spacing":0,"ocean_menu_typo_spacing_tablet":0,"ocean_menu_typo_spacing_mobile":0,"ocean_menu_typo_spacing_unit":"","ocean_menu_link_color":"","ocean_menu_link_color_hover":"","ocean_menu_link_color_active":"","ocean_menu_link_background":"","ocean_menu_link_hover_background":"","ocean_menu_link_active_background":"","ocean_menu_social_links_bg":"","ocean_menu_social_hover_links_bg":"","ocean_menu_social_links_color":"","ocean_menu_social_hover_links_color":"","ocean_disable_title":"on","ocean_disable_heading":"default","ocean_post_title":"","ocean_post_subheading":"","ocean_post_title_style":"","ocean_post_title_background_color":"","ocean_post_title_background":0,"ocean_post_title_bg_image_position":"","ocean_post_title_bg_image_attachment":"","ocean_post_title_bg_image_repeat":"","ocean_post_title_bg_image_size":"","ocean_post_title_height":0,"ocean_post_title_bg_overlay":0.5,"ocean_post_title_bg_overlay_color":"","ocean_disable_breadcrumbs":"default","ocean_breadcrumbs_color":"","ocean_breadcrumbs_separator_color":"","ocean_breadcrumbs_links_color":"","ocean_breadcrumbs_links_hover_color":"","ocean_display_footer_widgets":"off","ocean_display_footer_bottom":"off","ocean_custom_footer_template":"0","footnotes":""},"class_list":["post-75","page","type-page","status-publish","hentry","entry"],"yoast_head":"<!-- This site is optimized with the Yoast SEO plugin v24.1 - https:\/\/yoast.com\/wordpress\/plugins\/seo\/ -->\n<title>Kunststofftanks \u2013 Wassertanks \u2013 Kraftstofftanks \u2013 Beh\u00e4lter<\/title>\n<meta name=\"description\" content=\"Grundlagen der Konstruktion von Kunststofftanks f\u00fcr Wohnmobile und Boote. Nach welchem Schema baue ich meinen Tank oder Beh\u00e4lter?\" \/>\n<meta name=\"robots\" content=\"index, follow, max-snippet:-1, max-image-preview:large, max-video-preview:-1\" \/>\n<link rel=\"canonical\" href=\"https:\/\/dlkunststofftechnik.de\/en\/grundlagen-tankbau\/\" \/>\n<meta property=\"og:locale\" content=\"en_GB\" \/>\n<meta property=\"og:type\" content=\"article\" \/>\n<meta property=\"og:title\" content=\"Kunststofftanks \u2013 Wassertanks \u2013 Kraftstofftanks \u2013 Beh\u00e4lter\" \/>\n<meta property=\"og:description\" content=\"Grundlagen der Konstruktion von Kunststofftanks f\u00fcr Wohnmobile und Boote. Nach welchem Schema baue ich meinen Tank oder Beh\u00e4lter?\" \/>\n<meta property=\"og:url\" content=\"https:\/\/dlkunststofftechnik.de\/en\/grundlagen-tankbau\/\" \/>\n<meta property=\"og:site_name\" content=\"DL Kunststofftechnik\" \/>\n<meta property=\"article:modified_time\" content=\"2025-03-31T22:36:38+00:00\" \/>\n<meta property=\"og:image\" content=\"https:\/\/dlkunststofftechnik.de\/wp-content\/uploads\/2022\/02\/Grundlagen-Tankbau-2-Deutsch.jpg\" \/>\n\t<meta property=\"og:image:width\" content=\"567\" \/>\n\t<meta property=\"og:image:height\" content=\"851\" \/>\n\t<meta property=\"og:image:type\" content=\"image\/jpeg\" \/>\n<meta name=\"twitter:card\" content=\"summary_large_image\" \/>\n<meta name=\"twitter:label1\" content=\"Estimated reading time\" \/>\n\t<meta name=\"twitter:data1\" content=\"2 minutes\" \/>\n<script type=\"application\/ld+json\" class=\"yoast-schema-graph\">{\"@context\":\"https:\/\/schema.org\",\"@graph\":[{\"@type\":\"WebPage\",\"@id\":\"https:\/\/dlkunststofftechnik.de\/grundlagen-tankbau\/\",\"url\":\"https:\/\/dlkunststofftechnik.de\/grundlagen-tankbau\/\",\"name\":\"Kunststofftanks \u2013 Wassertanks \u2013 Kraftstofftanks \u2013 Beh\u00e4lter\",\"isPartOf\":{\"@id\":\"https:\/\/dlkunststofftechnik.de\/#website\"},\"primaryImageOfPage\":{\"@id\":\"https:\/\/dlkunststofftechnik.de\/grundlagen-tankbau\/#primaryimage\"},\"image\":{\"@id\":\"https:\/\/dlkunststofftechnik.de\/grundlagen-tankbau\/#primaryimage\"},\"thumbnailUrl\":\"https:\/\/dlkunststofftechnik.de\/wp-content\/uploads\/2022\/02\/Grundlagen-Tankbau-2-Deutsch.jpg\",\"datePublished\":\"2020-12-30T06:43:54+00:00\",\"dateModified\":\"2025-03-31T22:36:38+00:00\",\"description\":\"Grundlagen der Konstruktion von Kunststofftanks f\u00fcr Wohnmobile und Boote. Nach welchem Schema baue ich meinen Tank oder Beh\u00e4lter?\",\"breadcrumb\":{\"@id\":\"https:\/\/dlkunststofftechnik.de\/grundlagen-tankbau\/#breadcrumb\"},\"inLanguage\":\"en-GB\",\"potentialAction\":[{\"@type\":\"ReadAction\",\"target\":[\"https:\/\/dlkunststofftechnik.de\/grundlagen-tankbau\/\"]}]},{\"@type\":\"ImageObject\",\"inLanguage\":\"en-GB\",\"@id\":\"https:\/\/dlkunststofftechnik.de\/grundlagen-tankbau\/#primaryimage\",\"url\":\"https:\/\/dlkunststofftechnik.de\/wp-content\/uploads\/2022\/02\/Grundlagen-Tankbau-2-Deutsch.jpg\",\"contentUrl\":\"https:\/\/dlkunststofftechnik.de\/wp-content\/uploads\/2022\/02\/Grundlagen-Tankbau-2-Deutsch.jpg\"},{\"@type\":\"BreadcrumbList\",\"@id\":\"https:\/\/dlkunststofftechnik.de\/grundlagen-tankbau\/#breadcrumb\",\"itemListElement\":[{\"@type\":\"ListItem\",\"position\":1,\"name\":\"Startseite\",\"item\":\"https:\/\/dlkunststofftechnik.de\/\"},{\"@type\":\"ListItem\",\"position\":2,\"name\":\"Grundlagen Tankbau\"}]},{\"@type\":\"WebSite\",\"@id\":\"https:\/\/dlkunststofftechnik.de\/#website\",\"url\":\"https:\/\/dlkunststofftechnik.de\/\",\"name\":\"DL Kunststofftechnik\",\"description\":\"Wir formen Ihre Ideen\",\"publisher\":{\"@id\":\"https:\/\/dlkunststofftechnik.de\/#organization\"},\"potentialAction\":[{\"@type\":\"SearchAction\",\"target\":{\"@type\":\"EntryPoint\",\"urlTemplate\":\"https:\/\/dlkunststofftechnik.de\/?s={search_term_string}\"},\"query-input\":{\"@type\":\"PropertyValueSpecification\",\"valueRequired\":true,\"valueName\":\"search_term_string\"}}],\"inLanguage\":\"en-GB\"},{\"@type\":\"Organization\",\"@id\":\"https:\/\/dlkunststofftechnik.de\/#organization\",\"name\":\"DL Kunststofftechnik\",\"url\":\"https:\/\/dlkunststofftechnik.de\/\",\"logo\":{\"@type\":\"ImageObject\",\"inLanguage\":\"en-GB\",\"@id\":\"https:\/\/dlkunststofftechnik.de\/#\/schema\/logo\/image\/\",\"url\":\"https:\/\/dlkunststofftechnik.de\/wp-content\/uploads\/2021\/01\/Logo-Favicon-1.png\",\"contentUrl\":\"https:\/\/dlkunststofftechnik.de\/wp-content\/uploads\/2021\/01\/Logo-Favicon-1.png\",\"width\":481,\"height\":481,\"caption\":\"DL Kunststofftechnik\"},\"image\":{\"@id\":\"https:\/\/dlkunststofftechnik.de\/#\/schema\/logo\/image\/\"}}]}<\/script>\n<!-- \/ Yoast SEO plugin. -->","yoast_head_json":{"title":"Kunststofftanks \u2013 Wassertanks \u2013 Kraftstofftanks \u2013 Beh\u00e4lter","description":"Grundlagen der Konstruktion von Kunststofftanks f\u00fcr Wohnmobile und Boote. Nach welchem Schema baue ich meinen Tank oder Beh\u00e4lter?","robots":{"index":"index","follow":"follow","max-snippet":"max-snippet:-1","max-image-preview":"max-image-preview:large","max-video-preview":"max-video-preview:-1"},"canonical":"https:\/\/dlkunststofftechnik.de\/en\/grundlagen-tankbau\/","og_locale":"en_GB","og_type":"article","og_title":"Kunststofftanks \u2013 Wassertanks \u2013 Kraftstofftanks \u2013 Beh\u00e4lter","og_description":"Grundlagen der Konstruktion von Kunststofftanks f\u00fcr Wohnmobile und Boote. Nach welchem Schema baue ich meinen Tank oder Beh\u00e4lter?","og_url":"https:\/\/dlkunststofftechnik.de\/en\/grundlagen-tankbau\/","og_site_name":"DL Kunststofftechnik","article_modified_time":"2025-03-31T22:36:38+00:00","og_image":[{"width":567,"height":851,"url":"https:\/\/dlkunststofftechnik.de\/wp-content\/uploads\/2022\/02\/Grundlagen-Tankbau-2-Deutsch.jpg","type":"image\/jpeg"}],"twitter_card":"summary_large_image","twitter_misc":{"Estimated reading time":"2 minutes"},"schema":{"@context":"https:\/\/schema.org","@graph":[{"@type":"WebPage","@id":"https:\/\/dlkunststofftechnik.de\/grundlagen-tankbau\/","url":"https:\/\/dlkunststofftechnik.de\/grundlagen-tankbau\/","name":"Kunststofftanks \u2013 Wassertanks \u2013 Kraftstofftanks \u2013 Beh\u00e4lter","isPartOf":{"@id":"https:\/\/dlkunststofftechnik.de\/#website"},"primaryImageOfPage":{"@id":"https:\/\/dlkunststofftechnik.de\/grundlagen-tankbau\/#primaryimage"},"image":{"@id":"https:\/\/dlkunststofftechnik.de\/grundlagen-tankbau\/#primaryimage"},"thumbnailUrl":"https:\/\/dlkunststofftechnik.de\/wp-content\/uploads\/2022\/02\/Grundlagen-Tankbau-2-Deutsch.jpg","datePublished":"2020-12-30T06:43:54+00:00","dateModified":"2025-03-31T22:36:38+00:00","description":"Grundlagen der Konstruktion von Kunststofftanks f\u00fcr Wohnmobile und Boote. Nach welchem Schema baue ich meinen Tank oder Beh\u00e4lter?","breadcrumb":{"@id":"https:\/\/dlkunststofftechnik.de\/grundlagen-tankbau\/#breadcrumb"},"inLanguage":"en-GB","potentialAction":[{"@type":"ReadAction","target":["https:\/\/dlkunststofftechnik.de\/grundlagen-tankbau\/"]}]},{"@type":"ImageObject","inLanguage":"en-GB","@id":"https:\/\/dlkunststofftechnik.de\/grundlagen-tankbau\/#primaryimage","url":"https:\/\/dlkunststofftechnik.de\/wp-content\/uploads\/2022\/02\/Grundlagen-Tankbau-2-Deutsch.jpg","contentUrl":"https:\/\/dlkunststofftechnik.de\/wp-content\/uploads\/2022\/02\/Grundlagen-Tankbau-2-Deutsch.jpg"},{"@type":"BreadcrumbList","@id":"https:\/\/dlkunststofftechnik.de\/grundlagen-tankbau\/#breadcrumb","itemListElement":[{"@type":"ListItem","position":1,"name":"Startseite","item":"https:\/\/dlkunststofftechnik.de\/"},{"@type":"ListItem","position":2,"name":"Grundlagen Tankbau"}]},{"@type":"WebSite","@id":"https:\/\/dlkunststofftechnik.de\/#website","url":"https:\/\/dlkunststofftechnik.de\/","name":"DL Kunststofftechnik","description":"Wir formen Ihre Ideen","publisher":{"@id":"https:\/\/dlkunststofftechnik.de\/#organization"},"potentialAction":[{"@type":"SearchAction","target":{"@type":"EntryPoint","urlTemplate":"https:\/\/dlkunststofftechnik.de\/?s={search_term_string}"},"query-input":{"@type":"PropertyValueSpecification","valueRequired":true,"valueName":"search_term_string"}}],"inLanguage":"en-GB"},{"@type":"Organization","@id":"https:\/\/dlkunststofftechnik.de\/#organization","name":"DL Kunststofftechnik","url":"https:\/\/dlkunststofftechnik.de\/","logo":{"@type":"ImageObject","inLanguage":"en-GB","@id":"https:\/\/dlkunststofftechnik.de\/#\/schema\/logo\/image\/","url":"https:\/\/dlkunststofftechnik.de\/wp-content\/uploads\/2021\/01\/Logo-Favicon-1.png","contentUrl":"https:\/\/dlkunststofftechnik.de\/wp-content\/uploads\/2021\/01\/Logo-Favicon-1.png","width":481,"height":481,"caption":"DL Kunststofftechnik"},"image":{"@id":"https:\/\/dlkunststofftechnik.de\/#\/schema\/logo\/image\/"}}]}},"_links":{"self":[{"href":"https:\/\/dlkunststofftechnik.de\/en\/wp-json\/wp\/v2\/pages\/75","targetHints":{"allow":["GET"]}}],"collection":[{"href":"https:\/\/dlkunststofftechnik.de\/en\/wp-json\/wp\/v2\/pages"}],"about":[{"href":"https:\/\/dlkunststofftechnik.de\/en\/wp-json\/wp\/v2\/types\/page"}],"author":[{"embeddable":true,"href":"https:\/\/dlkunststofftechnik.de\/en\/wp-json\/wp\/v2\/users\/1"}],"replies":[{"embeddable":true,"href":"https:\/\/dlkunststofftechnik.de\/en\/wp-json\/wp\/v2\/comments?post=75"}],"version-history":[{"count":10,"href":"https:\/\/dlkunststofftechnik.de\/en\/wp-json\/wp\/v2\/pages\/75\/revisions"}],"predecessor-version":[{"id":3182,"href":"https:\/\/dlkunststofftechnik.de\/en\/wp-json\/wp\/v2\/pages\/75\/revisions\/3182"}],"wp:attachment":[{"href":"https:\/\/dlkunststofftechnik.de\/en\/wp-json\/wp\/v2\/media?parent=75"}],"curies":[{"name":"wp","href":"https:\/\/api.w.org\/{rel}","templated":true}]}}