{"id":79,"date":"2020-12-30T07:44:18","date_gmt":"2020-12-30T06:44:18","guid":{"rendered":"http:\/\/dlkunststofftechnik.de.w01b62f8.kasserver.com\/?page_id=79"},"modified":"2025-04-01T00:41:04","modified_gmt":"2025-03-31T22:41:04","slug":"termine","status":"publish","type":"page","link":"https:\/\/dlkunststofftechnik.de\/en\/termine\/","title":{"rendered":"Events"},"content":{"rendered":"<div data-elementor-type=\"wp-page\" data-elementor-id=\"79\" class=\"elementor elementor-79\">\n\t\t\t\t\t\t<section class=\"elementor-section elementor-top-section elementor-element elementor-element-1387adb elementor-section-height-min-height elementor-section-boxed elementor-section-height-default elementor-section-items-middle\" data-id=\"1387adb\" data-element_type=\"section\" data-settings=\"{&quot;background_background&quot;:&quot;classic&quot;}\">\n\t\t\t\t\t\t<div class=\"elementor-container elementor-column-gap-default\">\n\t\t\t\t\t<div class=\"elementor-column elementor-col-100 elementor-top-column elementor-element elementor-element-14d56184\" data-id=\"14d56184\" data-element_type=\"column\">\n\t\t\t<div class=\"elementor-widget-wrap elementor-element-populated\">\n\t\t\t\t\t\t<div class=\"elementor-element elementor-element-1cb66e4e elementor-widget__width-inherit elementor-absolute elementor-widget elementor-widget-text-editor\" data-id=\"1cb66e4e\" data-element_type=\"widget\" data-settings=\"{&quot;_position&quot;:&quot;absolute&quot;}\" data-widget_type=\"text-editor.default\">\n\t\t\t\t<div class=\"elementor-widget-container\">\n\t\t\t\t\t\t\t\t\t<p><strong>Events<br \/><\/strong><\/p>\t\t\t\t\t\t\t\t<\/div>\n\t\t\t\t<\/div>\n\t\t\t\t\t<\/div>\n\t\t<\/div>\n\t\t\t\t\t<\/div>\n\t\t<\/section>\n\t\t\t\t<section class=\"elementor-section elementor-top-section elementor-element elementor-element-963f4f7 elementor-section-boxed elementor-section-height-default elementor-section-height-default\" data-id=\"963f4f7\" data-element_type=\"section\">\n\t\t\t\t\t\t<div class=\"elementor-container elementor-column-gap-default\">\n\t\t\t\t\t<div class=\"elementor-column elementor-col-100 elementor-top-column elementor-element elementor-element-c3158fe\" data-id=\"c3158fe\" data-element_type=\"column\">\n\t\t\t<div class=\"elementor-widget-wrap elementor-element-populated\">\n\t\t\t\t\t\t<section class=\"elementor-section elementor-inner-section elementor-element elementor-element-75bb2b0 elementor-section-boxed elementor-section-height-default elementor-section-height-default\" data-id=\"75bb2b0\" data-element_type=\"section\">\n\t\t\t\t\t\t<div class=\"elementor-container elementor-column-gap-default\">\n\t\t\t\t\t<div class=\"elementor-column elementor-col-50 elementor-inner-column elementor-element elementor-element-d0b58c4\" data-id=\"d0b58c4\" data-element_type=\"column\">\n\t\t\t<div class=\"elementor-widget-wrap elementor-element-populated\">\n\t\t\t\t\t\t<div class=\"elementor-element elementor-element-2599476 elementor-widget elementor-widget-text-editor\" data-id=\"2599476\" data-element_type=\"widget\" data-widget_type=\"text-editor.default\">\n\t\t\t\t<div class=\"elementor-widget-container\">\n\t\t\t\t\t\t\t\t\t<p><strong>Fairs 2025<\/strong><\/p><p>We are not planning to exhibit at any fairs this year, but we will visit some fairs as guests. If you would like to meet us in person, just contact us.<\/p><p><strong>Events 2025<\/strong><\/p><p>We do not intend any event this year.<\/p><p><a href=\"https:\/\/dlkunststofftechnik.de\/en\/anfahrt\/\">In addition, we are happy to welcome you at our factory in Unna.<\/a><\/p>\t\t\t\t\t\t\t\t<\/div>\n\t\t\t\t<\/div>\n\t\t\t\t\t<\/div>\n\t\t<\/div>\n\t\t\t\t<div class=\"elementor-column elementor-col-50 elementor-inner-column elementor-element elementor-element-d39b182\" data-id=\"d39b182\" data-element_type=\"column\">\n\t\t\t<div class=\"elementor-widget-wrap elementor-element-populated\">\n\t\t\t\t\t\t<div class=\"elementor-element elementor-element-a400163 elementor-widget elementor-widget-image\" data-id=\"a400163\" data-element_type=\"widget\" data-widget_type=\"image.default\">\n\t\t\t\t<div class=\"elementor-widget-container\">\n\t\t\t\t\t\t\t\t\t\t\t\t\t\t\t<img fetchpriority=\"high\" decoding=\"async\" width=\"1024\" height=\"683\" src=\"https:\/\/dlkunststofftechnik.de\/wp-content\/uploads\/2021\/01\/Kalender-2-1024x683.jpg\" class=\"attachment-large size-large wp-image-1611\" alt=\"\" srcset=\"https:\/\/dlkunststofftechnik.de\/wp-content\/uploads\/2021\/01\/Kalender-2-1024x683.jpg 1024w, https:\/\/dlkunststofftechnik.de\/wp-content\/uploads\/2021\/01\/Kalender-2-300x200.jpg 300w, https:\/\/dlkunststofftechnik.de\/wp-content\/uploads\/2021\/01\/Kalender-2-768x512.jpg 768w, https:\/\/dlkunststofftechnik.de\/wp-content\/uploads\/2021\/01\/Kalender-2-1536x1024.jpg 1536w, https:\/\/dlkunststofftechnik.de\/wp-content\/uploads\/2021\/01\/Kalender-2-2048x1365.jpg 2048w\" sizes=\"(max-width: 1024px) 100vw, 1024px\" \/>\t\t\t\t\t\t\t\t\t\t\t\t\t\t\t<\/div>\n\t\t\t\t<\/div>\n\t\t\t\t\t<\/div>\n\t\t<\/div>\n\t\t\t\t\t<\/div>\n\t\t<\/section>\n\t\t\t\t\t<\/div>\n\t\t<\/div>\n\t\t\t\t\t<\/div>\n\t\t<\/section>\n\t\t\t\t<section class=\"elementor-section elementor-top-section elementor-element elementor-element-71bc3aab elementor-section-boxed elementor-section-height-default elementor-section-height-default\" data-id=\"71bc3aab\" data-element_type=\"section\" data-settings=\"{&quot;background_background&quot;:&quot;classic&quot;}\">\n\t\t\t\t\t\t<div class=\"elementor-container elementor-column-gap-default\">\n\t\t\t\t\t<div class=\"elementor-column elementor-col-100 elementor-top-column elementor-element elementor-element-69203cfb\" data-id=\"69203cfb\" data-element_type=\"column\">\n\t\t\t<div class=\"elementor-widget-wrap elementor-element-populated\">\n\t\t\t\t\t\t<div class=\"elementor-element elementor-element-6a2fe940 elementor-absolute elementor-widget elementor-widget-text-editor\" data-id=\"6a2fe940\" data-element_type=\"widget\" data-settings=\"{&quot;_position&quot;:&quot;absolute&quot;}\" data-widget_type=\"text-editor.default\">\n\t\t\t\t<div class=\"elementor-widget-container\">\n\t\t\t\t\t\t\t\t\t<p><a href=\"https:\/\/dlkunststofftechnik.de\/en\/agb\/\">General terms and conditions<\/a>\u00a0\u00a0 |\u00a0\u00a0 <a href=\"https:\/\/dlkunststofftechnik.de\/en\/datenschutz\/\">Data protection<\/a> \u00a0 | \u00a0 <a href=\"https:\/\/dlkunststofftechnik.de\/en\/impressum\/\">Imprint<\/a>\u00a0\u00a0 |\u00a0\u00a0 <a href=\"https:\/\/dlkunststofftechnik.de\/en\/kontakt\/\">Contact<\/a><\/p>\t\t\t\t\t\t\t\t<\/div>\n\t\t\t\t<\/div>\n\t\t\t\t\t<\/div>\n\t\t<\/div>\n\t\t\t\t\t<\/div>\n\t\t<\/section>\n\t\t\t\t<section class=\"elementor-section elementor-top-section elementor-element elementor-element-29f8c36 elementor-section-boxed elementor-section-height-default elementor-section-height-default\" data-id=\"29f8c36\" data-element_type=\"section\" data-settings=\"{&quot;background_background&quot;:&quot;classic&quot;}\">\n\t\t\t\t\t\t<div class=\"elementor-container elementor-column-gap-default\">\n\t\t\t\t\t<div class=\"elementor-column elementor-col-100 elementor-top-column elementor-element elementor-element-2f2b73a6\" data-id=\"2f2b73a6\" data-element_type=\"column\">\n\t\t\t<div class=\"elementor-widget-wrap elementor-element-populated\">\n\t\t\t\t\t\t<div class=\"elementor-element elementor-element-605a7068 elementor-widget elementor-widget-heading\" data-id=\"605a7068\" data-element_type=\"widget\" data-widget_type=\"heading.default\">\n\t\t\t\t<div class=\"elementor-widget-container\">\n\t\t\t\t\t<h2 class=\"elementor-heading-title elementor-size-default\">\u00a9 Copyright 2025 DL Kunststofftechnik GmbH - Alle Rechte vorbehalten<\/h2>\t\t\t\t<\/div>\n\t\t\t\t<\/div>\n\t\t\t\t\t<\/div>\n\t\t<\/div>\n\t\t\t\t\t<\/div>\n\t\t<\/section>\n\t\t\t\t<\/div>","protected":false},"excerpt":{"rendered":"<p>Termine Messen 2025 Wir planen dieses Jahr auf keiner Messe auszustellen, jedoch werden wir einige Messen als G\u00e4ste besuchen. Falls Sie uns pers\u00f6nlich treffen m\u00f6chten, sprechen Sie uns einfach an. Veranstaltungen 2025 Wir sind dieses Jahr auf keiner Veranstaltung vertreten. Zudem sind wir gerne in unserem Werk in Unna f\u00fcr Sie da. AGB\u00a0\u00a0 |\u00a0\u00a0 Datenschutz [&hellip;]<\/p>","protected":false},"author":1,"featured_media":0,"parent":0,"menu_order":0,"comment_status":"closed","ping_status":"closed","template":"","meta":{"ocean_post_layout":"full-screen","ocean_both_sidebars_style":"","ocean_both_sidebars_content_width":0,"ocean_both_sidebars_sidebars_width":0,"ocean_sidebar":"0","ocean_second_sidebar":"0","ocean_disable_margins":"enable","ocean_add_body_class":"","ocean_shortcode_before_top_bar":"","ocean_shortcode_after_top_bar":"","ocean_shortcode_before_header":"","ocean_shortcode_after_header":"","ocean_has_shortcode":"","ocean_shortcode_after_title":"","ocean_shortcode_before_footer_widgets":"","ocean_shortcode_after_footer_widgets":"","ocean_shortcode_before_footer_bottom":"","ocean_shortcode_after_footer_bottom":"","ocean_display_top_bar":"off","ocean_display_header":"default","ocean_header_style":"","ocean_center_header_left_menu":"0","ocean_custom_header_template":"0","ocean_custom_logo":0,"ocean_custom_retina_logo":0,"ocean_custom_logo_max_width":0,"ocean_custom_logo_tablet_max_width":0,"ocean_custom_logo_mobile_max_width":0,"ocean_custom_logo_max_height":0,"ocean_custom_logo_tablet_max_height":0,"ocean_custom_logo_mobile_max_height":0,"ocean_header_custom_menu":"0","ocean_menu_typo_font_family":"0","ocean_menu_typo_font_subset":"","ocean_menu_typo_font_size":0,"ocean_menu_typo_font_size_tablet":0,"ocean_menu_typo_font_size_mobile":0,"ocean_menu_typo_font_size_unit":"px","ocean_menu_typo_font_weight":"","ocean_menu_typo_font_weight_tablet":"","ocean_menu_typo_font_weight_mobile":"","ocean_menu_typo_transform":"","ocean_menu_typo_transform_tablet":"","ocean_menu_typo_transform_mobile":"","ocean_menu_typo_line_height":0,"ocean_menu_typo_line_height_tablet":0,"ocean_menu_typo_line_height_mobile":0,"ocean_menu_typo_line_height_unit":"","ocean_menu_typo_spacing":0,"ocean_menu_typo_spacing_tablet":0,"ocean_menu_typo_spacing_mobile":0,"ocean_menu_typo_spacing_unit":"","ocean_menu_link_color":"","ocean_menu_link_color_hover":"","ocean_menu_link_color_active":"","ocean_menu_link_background":"","ocean_menu_link_hover_background":"","ocean_menu_link_active_background":"","ocean_menu_social_links_bg":"","ocean_menu_social_hover_links_bg":"","ocean_menu_social_links_color":"","ocean_menu_social_hover_links_color":"","ocean_disable_title":"on","ocean_disable_heading":"default","ocean_post_title":"","ocean_post_subheading":"","ocean_post_title_style":"","ocean_post_title_background_color":"","ocean_post_title_background":0,"ocean_post_title_bg_image_position":"","ocean_post_title_bg_image_attachment":"","ocean_post_title_bg_image_repeat":"","ocean_post_title_bg_image_size":"","ocean_post_title_height":0,"ocean_post_title_bg_overlay":0.5,"ocean_post_title_bg_overlay_color":"","ocean_disable_breadcrumbs":"default","ocean_breadcrumbs_color":"","ocean_breadcrumbs_separator_color":"","ocean_breadcrumbs_links_color":"","ocean_breadcrumbs_links_hover_color":"","ocean_display_footer_widgets":"off","ocean_display_footer_bottom":"off","ocean_custom_footer_template":"0","footnotes":""},"class_list":["post-79","page","type-page","status-publish","hentry","entry"],"yoast_head":"<!-- This site is optimized with the Yoast SEO plugin v24.1 - https:\/\/yoast.com\/wordpress\/plugins\/seo\/ -->\n<title>Individuelle Kunststoffbeh\u00e4lter \u2013 Sonderanfertigung Schiffstanks<\/title>\n<meta name=\"description\" content=\"Alle Termine hinsichtlich Messen und Veranstaltungen f\u00fcr das aktuelle Jahr sind auf dieser Seite zu finden. Besuchen Sie uns gerne.\" \/>\n<meta name=\"robots\" content=\"index, follow, max-snippet:-1, max-image-preview:large, max-video-preview:-1\" \/>\n<link rel=\"canonical\" href=\"https:\/\/dlkunststofftechnik.de\/en\/termine\/\" \/>\n<meta property=\"og:locale\" content=\"en_GB\" \/>\n<meta property=\"og:type\" content=\"article\" \/>\n<meta property=\"og:title\" content=\"Individuelle Kunststoffbeh\u00e4lter \u2013 Sonderanfertigung Schiffstanks\" \/>\n<meta property=\"og:description\" content=\"Alle Termine hinsichtlich Messen und Veranstaltungen f\u00fcr das aktuelle Jahr sind auf dieser Seite zu finden. Besuchen Sie uns gerne.\" \/>\n<meta property=\"og:url\" content=\"https:\/\/dlkunststofftechnik.de\/en\/termine\/\" \/>\n<meta property=\"og:site_name\" content=\"DL Kunststofftechnik\" \/>\n<meta property=\"article:modified_time\" content=\"2025-03-31T22:41:04+00:00\" \/>\n<meta property=\"og:image\" content=\"https:\/\/dlkunststofftechnik.de\/wp-content\/uploads\/2021\/01\/Kalender-2-scaled.jpg\" \/>\n\t<meta property=\"og:image:width\" content=\"2560\" \/>\n\t<meta property=\"og:image:height\" content=\"1707\" \/>\n\t<meta property=\"og:image:type\" content=\"image\/jpeg\" \/>\n<meta name=\"twitter:card\" content=\"summary_large_image\" \/>\n<meta name=\"twitter:label1\" content=\"Estimated reading time\" \/>\n\t<meta name=\"twitter:data1\" content=\"1 minute\" \/>\n<script type=\"application\/ld+json\" class=\"yoast-schema-graph\">{\"@context\":\"https:\/\/schema.org\",\"@graph\":[{\"@type\":\"WebPage\",\"@id\":\"https:\/\/dlkunststofftechnik.de\/termine\/\",\"url\":\"https:\/\/dlkunststofftechnik.de\/termine\/\",\"name\":\"Individuelle Kunststoffbeh\u00e4lter \u2013 Sonderanfertigung Schiffstanks\",\"isPartOf\":{\"@id\":\"https:\/\/dlkunststofftechnik.de\/#website\"},\"primaryImageOfPage\":{\"@id\":\"https:\/\/dlkunststofftechnik.de\/termine\/#primaryimage\"},\"image\":{\"@id\":\"https:\/\/dlkunststofftechnik.de\/termine\/#primaryimage\"},\"thumbnailUrl\":\"https:\/\/dlkunststofftechnik.de\/wp-content\/uploads\/2021\/01\/Kalender-2-1024x683.jpg\",\"datePublished\":\"2020-12-30T06:44:18+00:00\",\"dateModified\":\"2025-03-31T22:41:04+00:00\",\"description\":\"Alle Termine hinsichtlich Messen und Veranstaltungen f\u00fcr das aktuelle Jahr sind auf dieser Seite zu finden. Besuchen Sie uns gerne.\",\"breadcrumb\":{\"@id\":\"https:\/\/dlkunststofftechnik.de\/termine\/#breadcrumb\"},\"inLanguage\":\"en-GB\",\"potentialAction\":[{\"@type\":\"ReadAction\",\"target\":[\"https:\/\/dlkunststofftechnik.de\/termine\/\"]}]},{\"@type\":\"ImageObject\",\"inLanguage\":\"en-GB\",\"@id\":\"https:\/\/dlkunststofftechnik.de\/termine\/#primaryimage\",\"url\":\"https:\/\/dlkunststofftechnik.de\/wp-content\/uploads\/2021\/01\/Kalender-2-1024x683.jpg\",\"contentUrl\":\"https:\/\/dlkunststofftechnik.de\/wp-content\/uploads\/2021\/01\/Kalender-2-1024x683.jpg\"},{\"@type\":\"BreadcrumbList\",\"@id\":\"https:\/\/dlkunststofftechnik.de\/termine\/#breadcrumb\",\"itemListElement\":[{\"@type\":\"ListItem\",\"position\":1,\"name\":\"Startseite\",\"item\":\"https:\/\/dlkunststofftechnik.de\/\"},{\"@type\":\"ListItem\",\"position\":2,\"name\":\"Termine\"}]},{\"@type\":\"WebSite\",\"@id\":\"https:\/\/dlkunststofftechnik.de\/#website\",\"url\":\"https:\/\/dlkunststofftechnik.de\/\",\"name\":\"DL Kunststofftechnik\",\"description\":\"Wir formen Ihre Ideen\",\"publisher\":{\"@id\":\"https:\/\/dlkunststofftechnik.de\/#organization\"},\"potentialAction\":[{\"@type\":\"SearchAction\",\"target\":{\"@type\":\"EntryPoint\",\"urlTemplate\":\"https:\/\/dlkunststofftechnik.de\/?s={search_term_string}\"},\"query-input\":{\"@type\":\"PropertyValueSpecification\",\"valueRequired\":true,\"valueName\":\"search_term_string\"}}],\"inLanguage\":\"en-GB\"},{\"@type\":\"Organization\",\"@id\":\"https:\/\/dlkunststofftechnik.de\/#organization\",\"name\":\"DL Kunststofftechnik\",\"url\":\"https:\/\/dlkunststofftechnik.de\/\",\"logo\":{\"@type\":\"ImageObject\",\"inLanguage\":\"en-GB\",\"@id\":\"https:\/\/dlkunststofftechnik.de\/#\/schema\/logo\/image\/\",\"url\":\"https:\/\/dlkunststofftechnik.de\/wp-content\/uploads\/2021\/01\/Logo-Favicon-1.png\",\"contentUrl\":\"https:\/\/dlkunststofftechnik.de\/wp-content\/uploads\/2021\/01\/Logo-Favicon-1.png\",\"width\":481,\"height\":481,\"caption\":\"DL Kunststofftechnik\"},\"image\":{\"@id\":\"https:\/\/dlkunststofftechnik.de\/#\/schema\/logo\/image\/\"}}]}<\/script>\n<!-- \/ Yoast SEO plugin. -->","yoast_head_json":{"title":"Individuelle Kunststoffbeh\u00e4lter \u2013 Sonderanfertigung Schiffstanks","description":"Alle Termine hinsichtlich Messen und Veranstaltungen f\u00fcr das aktuelle Jahr sind auf dieser Seite zu finden. Besuchen Sie uns gerne.","robots":{"index":"index","follow":"follow","max-snippet":"max-snippet:-1","max-image-preview":"max-image-preview:large","max-video-preview":"max-video-preview:-1"},"canonical":"https:\/\/dlkunststofftechnik.de\/en\/termine\/","og_locale":"en_GB","og_type":"article","og_title":"Individuelle Kunststoffbeh\u00e4lter \u2013 Sonderanfertigung Schiffstanks","og_description":"Alle Termine hinsichtlich Messen und Veranstaltungen f\u00fcr das aktuelle Jahr sind auf dieser Seite zu finden. Besuchen Sie uns gerne.","og_url":"https:\/\/dlkunststofftechnik.de\/en\/termine\/","og_site_name":"DL Kunststofftechnik","article_modified_time":"2025-03-31T22:41:04+00:00","og_image":[{"width":2560,"height":1707,"url":"https:\/\/dlkunststofftechnik.de\/wp-content\/uploads\/2021\/01\/Kalender-2-scaled.jpg","type":"image\/jpeg"}],"twitter_card":"summary_large_image","twitter_misc":{"Estimated reading time":"1 minute"},"schema":{"@context":"https:\/\/schema.org","@graph":[{"@type":"WebPage","@id":"https:\/\/dlkunststofftechnik.de\/termine\/","url":"https:\/\/dlkunststofftechnik.de\/termine\/","name":"Individuelle Kunststoffbeh\u00e4lter \u2013 Sonderanfertigung Schiffstanks","isPartOf":{"@id":"https:\/\/dlkunststofftechnik.de\/#website"},"primaryImageOfPage":{"@id":"https:\/\/dlkunststofftechnik.de\/termine\/#primaryimage"},"image":{"@id":"https:\/\/dlkunststofftechnik.de\/termine\/#primaryimage"},"thumbnailUrl":"https:\/\/dlkunststofftechnik.de\/wp-content\/uploads\/2021\/01\/Kalender-2-1024x683.jpg","datePublished":"2020-12-30T06:44:18+00:00","dateModified":"2025-03-31T22:41:04+00:00","description":"Alle Termine hinsichtlich Messen und Veranstaltungen f\u00fcr das aktuelle Jahr sind auf dieser Seite zu finden. Besuchen Sie uns gerne.","breadcrumb":{"@id":"https:\/\/dlkunststofftechnik.de\/termine\/#breadcrumb"},"inLanguage":"en-GB","potentialAction":[{"@type":"ReadAction","target":["https:\/\/dlkunststofftechnik.de\/termine\/"]}]},{"@type":"ImageObject","inLanguage":"en-GB","@id":"https:\/\/dlkunststofftechnik.de\/termine\/#primaryimage","url":"https:\/\/dlkunststofftechnik.de\/wp-content\/uploads\/2021\/01\/Kalender-2-1024x683.jpg","contentUrl":"https:\/\/dlkunststofftechnik.de\/wp-content\/uploads\/2021\/01\/Kalender-2-1024x683.jpg"},{"@type":"BreadcrumbList","@id":"https:\/\/dlkunststofftechnik.de\/termine\/#breadcrumb","itemListElement":[{"@type":"ListItem","position":1,"name":"Startseite","item":"https:\/\/dlkunststofftechnik.de\/"},{"@type":"ListItem","position":2,"name":"Termine"}]},{"@type":"WebSite","@id":"https:\/\/dlkunststofftechnik.de\/#website","url":"https:\/\/dlkunststofftechnik.de\/","name":"DL Kunststofftechnik","description":"Wir formen Ihre Ideen","publisher":{"@id":"https:\/\/dlkunststofftechnik.de\/#organization"},"potentialAction":[{"@type":"SearchAction","target":{"@type":"EntryPoint","urlTemplate":"https:\/\/dlkunststofftechnik.de\/?s={search_term_string}"},"query-input":{"@type":"PropertyValueSpecification","valueRequired":true,"valueName":"search_term_string"}}],"inLanguage":"en-GB"},{"@type":"Organization","@id":"https:\/\/dlkunststofftechnik.de\/#organization","name":"DL Kunststofftechnik","url":"https:\/\/dlkunststofftechnik.de\/","logo":{"@type":"ImageObject","inLanguage":"en-GB","@id":"https:\/\/dlkunststofftechnik.de\/#\/schema\/logo\/image\/","url":"https:\/\/dlkunststofftechnik.de\/wp-content\/uploads\/2021\/01\/Logo-Favicon-1.png","contentUrl":"https:\/\/dlkunststofftechnik.de\/wp-content\/uploads\/2021\/01\/Logo-Favicon-1.png","width":481,"height":481,"caption":"DL Kunststofftechnik"},"image":{"@id":"https:\/\/dlkunststofftechnik.de\/#\/schema\/logo\/image\/"}}]}},"_links":{"self":[{"href":"https:\/\/dlkunststofftechnik.de\/en\/wp-json\/wp\/v2\/pages\/79","targetHints":{"allow":["GET"]}}],"collection":[{"href":"https:\/\/dlkunststofftechnik.de\/en\/wp-json\/wp\/v2\/pages"}],"about":[{"href":"https:\/\/dlkunststofftechnik.de\/en\/wp-json\/wp\/v2\/types\/page"}],"author":[{"embeddable":true,"href":"https:\/\/dlkunststofftechnik.de\/en\/wp-json\/wp\/v2\/users\/1"}],"replies":[{"embeddable":true,"href":"https:\/\/dlkunststofftechnik.de\/en\/wp-json\/wp\/v2\/comments?post=79"}],"version-history":[{"count":10,"href":"https:\/\/dlkunststofftechnik.de\/en\/wp-json\/wp\/v2\/pages\/79\/revisions"}],"predecessor-version":[{"id":3209,"href":"https:\/\/dlkunststofftechnik.de\/en\/wp-json\/wp\/v2\/pages\/79\/revisions\/3209"}],"wp:attachment":[{"href":"https:\/\/dlkunststofftechnik.de\/en\/wp-json\/wp\/v2\/media?parent=79"}],"curies":[{"name":"wp","href":"https:\/\/api.w.org\/{rel}","templated":true}]}}